{"id":1875,"date":"2025-03-26T10:12:33","date_gmt":"2025-03-26T10:12:33","guid":{"rendered":"https:\/\/atdi-grupo.com\/politica-de-privacidade\/"},"modified":"2025-05-05T20:00:32","modified_gmt":"2025-05-05T20:00:32","slug":"politica-de-privacidade","status":"publish","type":"page","link":"https:\/\/atdi-grupo.com\/pt-pt\/politica-de-privacidade\/","title":{"rendered":"Pol\u00edtica de privacidade"},"content":{"rendered":"\t\t<div data-elementor-type=\"wp-page\" data-elementor-id=\"1875\" class=\"elementor elementor-1875 elementor-518\" data-elementor-post-type=\"page\">\n\t\t\t\t<div class=\"elementor-element elementor-element-6801af2 e-flex e-con-boxed e-con e-parent\" data-id=\"6801af2\" data-element_type=\"container\" data-settings=\"{&quot;background_background&quot;:&quot;classic&quot;}\">\n\t\t\t\t\t<div class=\"e-con-inner\">\n\t\t<div class=\"elementor-element elementor-element-9871986 e-con-full e-flex e-con e-child\" data-id=\"9871986\" data-element_type=\"container\">\n\t\t\t\t<div class=\"elementor-element elementor-element-d25b3a4 elementor-widget__width-initial elementor-widget elementor-widget-heading\" data-id=\"d25b3a4\" data-element_type=\"widget\" data-widget_type=\"heading.default\">\n\t\t\t\t<div class=\"elementor-widget-container\">\n\t\t\t\t\t<h2 class=\"elementor-heading-title elementor-size-default\">Pol\u00edtica de privacidade<\/h2>\t\t\t\t<\/div>\n\t\t\t\t<\/div>\n\t\t\t\t<\/div>\n\t\t\t\t<div class=\"elementor-element elementor-element-90b353b elementor-widget-divider--view-line elementor-widget elementor-widget-divider\" data-id=\"90b353b\" data-element_type=\"widget\" data-widget_type=\"divider.default\">\n\t\t\t\t<div class=\"elementor-widget-container\">\n\t\t\t\t\t\t\t<div class=\"elementor-divider\">\n\t\t\t<span class=\"elementor-divider-separator\">\n\t\t\t\t\t\t<\/span>\n\t\t<\/div>\n\t\t\t\t\t\t<\/div>\n\t\t\t\t<\/div>\n\t\t\t\t\t<\/div>\n\t\t\t\t<\/div>\n\t\t<div class=\"elementor-element elementor-element-af088bd e-flex e-con-boxed e-con e-parent\" data-id=\"af088bd\" data-element_type=\"container\">\n\t\t\t\t\t<div class=\"e-con-inner\">\n\t\t\t\t<div class=\"elementor-element elementor-element-867ec5f elementor-widget elementor-widget-text-editor\" data-id=\"867ec5f\" data-element_type=\"widget\" data-widget_type=\"text-editor.default\">\n\t\t\t\t<div class=\"elementor-widget-container\">\n\t\t\t\t\t\t\t\t\t<p class=\"p1\">A finalidade da presente Pol\u00edtica de Privacidade \u00e9 informar-te de forma clara e precisa sobre o tratamento de dados pessoais realizado pela ATITLAN DESARROLLOS INMOBILIARIOS, S.L. (doravante,<b>&#8220;ATDI<\/b>&#8220;), no \u00e2mbito do seu site<a href=\"http:\/\/www.atdi-grupo.com\/\"> https:\/\/www.atdi-grupo.com<\/a> (doravante, o<b>&#8220;Site<\/b><b> <\/b><b>&#8220;<\/b>), para que os utilizadores possam conhecer, entre outras coisas, como e para que fins s\u00e3o tratados os seus dados pessoais e como podem exercer os seus direitos em rela\u00e7\u00e3o aos mesmos.<\/p><p class=\"p1\"><b>QUEM \u00c9 RESPONS\u00c1VEL?<\/b><\/p><p class=\"p3\">O respons\u00e1vel \u00e9: ATITLAN DESARROLLOS INMOBILIARIOS, S.L.<\/p><p class=\"p4\">Endere\u00e7o: Calle Don Juan de Austria, 30, 4\u00ba andar, 46002 Val\u00eancia.<\/p><p class=\"p3\">Dados de registo: Valencia Companies Register, Volume 10307, Folio 56, Sec\u00e7\u00e3o 8, P\u00e1gina V-177011 e n\u00famero de identifica\u00e7\u00e3o fiscal: B-98923402.<\/p><p class=\"p6\"><b>COMO UTILIZAMOS AS TUAS INFORMA\u00c7\u00d5ES?<\/b><\/p><p class=\"p6\">A ATDI trata os dados pessoais para as seguintes finalidades:<\/p><ul class=\"ul1\"><li class=\"li7\">Gest\u00e3o e resolu\u00e7\u00e3o das tuas d\u00favidas, queixas, sugest\u00f5es e reclama\u00e7\u00f5es.<\/li><li class=\"li8\">Verifica, em certos casos, a veracidade das suas informa\u00e7\u00f5es.<\/li><li class=\"li8\">Colaborar com as autoridades, os organismos de aplica\u00e7\u00e3o da lei e os sistemas judiciais de cada pa\u00eds que possam, atrav\u00e9s dos canais legais, solicitar-nos informa\u00e7\u00f5es e colabora\u00e7\u00e3o para a preven\u00e7\u00e3o da fraude, do branqueamento de capitais e de qualquer outro crime de qualquer natureza.<\/li><\/ul><p class=\"p1\"><b><br \/>DURANTE QUANTO TEMPO CONSERVAMOS OS TEUS DADOS?<\/b><\/p><p class=\"p1\">A ATDI poder\u00e1 conservar os dados pessoais posteriormente, devidamente bloqueados, durante o tempo necess\u00e1rio ao cumprimento de quaisquer obriga\u00e7\u00f5es legais a que esteja sujeita ou para fazer face a quaisquer responsabilidades que possam advir do tratamento desses dados.<\/p><p class=\"p1\"><b>QUAIS S\u00c3O OS TEUS DIREITOS?<\/b><\/p><p class=\"p9\">O utilizador pode exercer os seus direitos de acesso, retifica\u00e7\u00e3o, apagamento, portabilidade e limita\u00e7\u00e3o do tratamento escrevendo \u00e0 ATDI para o endere\u00e7o postal indicado no cabe\u00e7alho, indicando o seu nome e apelido e anexando uma c\u00f3pia do seu bilhete de identidade, passaporte ou documento equivalente que comprove a sua identidade, ou acedendo ao nosso <a href=\"https:\/\/atdi-grupo.com\/atencion-derechos-rgpd\/\"><span class=\"s22\">formul\u00e1rio<\/span> <span class=\"s22\">de<\/span> <span class=\"s22\">aten\u00e7\u00e3o<\/span> <span class=\"s22\">aos<\/span> <span class=\"s22\">direitos<\/span> <span class=\"s22\">relacionados com o Regulamento Geral de Prote\u00e7\u00e3o de Dados.<\/span><\/a><\/p><p class=\"p1\">Tamb\u00e9m tens o direito de retirar o teu consentimento a qualquer momento, escrevendo para o endere\u00e7o postal indicado acima ou acedendo ao nosso <a href=\"https:\/\/atdi-grupo.com\/atencion-derechos-rgpd\/\"> <span class=\"s22\">formul\u00e1rio de<\/span> <span class=\"s22\">aten\u00e7\u00e3o aos<\/span> <span class=\"s22\">direitos<\/span> <span class=\"s22\">do RGPD<\/span>.<\/a> A retirada do consentimento n\u00e3o afectar\u00e1 a legalidade do tratamento efectuado anteriormente.<\/p><p class=\"p1\">Da mesma forma, os utilizadores t\u00eam o direito de solicitar a prote\u00e7\u00e3o da Ag\u00eancia Espanhola de Prote\u00e7\u00e3o de Dados, apresentando uma reclama\u00e7\u00e3o atrav\u00e9s do seu s\u00edtio Web <a href=\"http:\/\/www.aepd.es\/\"><span class=\"s22\">www.aepd.es.<\/span><\/a><\/p>\t\t\t\t\t\t\t\t<\/div>\n\t\t\t\t<\/div>\n\t\t\t\t\t<\/div>\n\t\t\t\t<\/div>\n\t\t\t\t<\/div>\n\t\t","protected":false},"excerpt":{"rendered":"<p>Pol\u00edtica de privacidade A finalidade da presente Pol\u00edtica de Privacidade \u00e9 informar-te de forma clara e precisa sobre o tratamento de dados pessoais realizado pela ATITLAN DESARROLLOS INMOBILIARIOS, S.L. (doravante,&#8220;ATDI&#8220;), no \u00e2mbito do seu site https:\/\/www.atdi-grupo.com (doravante, o&#8220;Site &#8220;), para que os utilizadores possam conhecer, entre outras coisas, como e para que fins s\u00e3o tratados [&hellip;]<\/p>\n","protected":false},"author":1,"featured_media":0,"parent":0,"menu_order":0,"comment_status":"closed","ping_status":"closed","template":"","meta":{"_acf_changed":false,"footnotes":""},"class_list":["post-1875","page","type-page","status-publish","hentry"],"acf":[],"yoast_head":"<!-- This site is optimized with the Yoast SEO plugin v27.0 - https:\/\/yoast.com\/product\/yoast-seo-wordpress\/ -->\n<title>Pol\u00edtica de privacidade - Grupo ATDI<\/title>\n<meta name=\"robots\" content=\"index, follow, max-snippet:-1, max-image-preview:large, max-video-preview:-1\" \/>\n<link rel=\"canonical\" href=\"https:\/\/atdi-grupo.com\/pt-pt\/politica-de-privacidade\/\" \/>\n<meta property=\"og:locale\" content=\"pt_PT\" \/>\n<meta property=\"og:type\" content=\"article\" \/>\n<meta property=\"og:title\" content=\"Pol\u00edtica de privacidade - Grupo ATDI\" \/>\n<meta property=\"og:description\" content=\"Pol\u00edtica de privacidade A finalidade da presente Pol\u00edtica de Privacidade \u00e9 informar-te de forma clara e precisa sobre o tratamento de dados pessoais realizado pela ATITLAN DESARROLLOS INMOBILIARIOS, S.L. (doravante,&#8220;ATDI&#8220;), no \u00e2mbito do seu site https:\/\/www.atdi-grupo.com (doravante, o&#8220;Site &#8220;), para que os utilizadores possam conhecer, entre outras coisas, como e para que fins s\u00e3o tratados [&hellip;]\" \/>\n<meta property=\"og:url\" content=\"https:\/\/atdi-grupo.com\/pt-pt\/politica-de-privacidade\/\" \/>\n<meta property=\"og:site_name\" content=\"Grupo ATDI\" \/>\n<meta property=\"article:modified_time\" content=\"2025-05-05T20:00:32+00:00\" \/>\n<meta name=\"twitter:card\" content=\"summary_large_image\" \/>\n<meta name=\"twitter:label1\" content=\"Tempo estimado de leitura\" \/>\n\t<meta name=\"twitter:data1\" content=\"3 minutos\" \/>\n<script type=\"application\/ld+json\" class=\"yoast-schema-graph\">{\"@context\":\"https:\/\/schema.org\",\"@graph\":[{\"@type\":\"WebPage\",\"@id\":\"https:\/\/atdi-grupo.com\/pt-pt\/politica-de-privacidade\/\",\"url\":\"https:\/\/atdi-grupo.com\/pt-pt\/politica-de-privacidade\/\",\"name\":\"Pol\u00edtica de privacidade - Grupo ATDI\",\"isPartOf\":{\"@id\":\"https:\/\/atdi-grupo.com\/pt-pt\/#website\"},\"datePublished\":\"2025-03-26T10:12:33+00:00\",\"dateModified\":\"2025-05-05T20:00:32+00:00\",\"breadcrumb\":{\"@id\":\"https:\/\/atdi-grupo.com\/pt-pt\/politica-de-privacidade\/#breadcrumb\"},\"inLanguage\":\"pt-PT\",\"potentialAction\":[{\"@type\":\"ReadAction\",\"target\":[\"https:\/\/atdi-grupo.com\/pt-pt\/politica-de-privacidade\/\"]}]},{\"@type\":\"BreadcrumbList\",\"@id\":\"https:\/\/atdi-grupo.com\/pt-pt\/politica-de-privacidade\/#breadcrumb\",\"itemListElement\":[{\"@type\":\"ListItem\",\"position\":1,\"name\":\"Inicio\",\"item\":\"https:\/\/atdi-grupo.com\/pt-pt\/\"},{\"@type\":\"ListItem\",\"position\":2,\"name\":\"Pol\u00edtica de privacidade\"}]},{\"@type\":\"WebSite\",\"@id\":\"https:\/\/atdi-grupo.com\/pt-pt\/#website\",\"url\":\"https:\/\/atdi-grupo.com\/pt-pt\/\",\"name\":\"Grupo ATDI\",\"description\":\"Soluciones inmobiliarias con impacto positivo\",\"potentialAction\":[{\"@type\":\"SearchAction\",\"target\":{\"@type\":\"EntryPoint\",\"urlTemplate\":\"https:\/\/atdi-grupo.com\/pt-pt\/?s={search_term_string}\"},\"query-input\":{\"@type\":\"PropertyValueSpecification\",\"valueRequired\":true,\"valueName\":\"search_term_string\"}}],\"inLanguage\":\"pt-PT\"}]}<\/script>\n<!-- \/ Yoast SEO plugin. -->","yoast_head_json":{"title":"Pol\u00edtica de privacidade - Grupo ATDI","robots":{"index":"index","follow":"follow","max-snippet":"max-snippet:-1","max-image-preview":"max-image-preview:large","max-video-preview":"max-video-preview:-1"},"canonical":"https:\/\/atdi-grupo.com\/pt-pt\/politica-de-privacidade\/","og_locale":"pt_PT","og_type":"article","og_title":"Pol\u00edtica de privacidade - Grupo ATDI","og_description":"Pol\u00edtica de privacidade A finalidade da presente Pol\u00edtica de Privacidade \u00e9 informar-te de forma clara e precisa sobre o tratamento de dados pessoais realizado pela ATITLAN DESARROLLOS INMOBILIARIOS, S.L. (doravante,&#8220;ATDI&#8220;), no \u00e2mbito do seu site https:\/\/www.atdi-grupo.com (doravante, o&#8220;Site &#8220;), para que os utilizadores possam conhecer, entre outras coisas, como e para que fins s\u00e3o tratados [&hellip;]","og_url":"https:\/\/atdi-grupo.com\/pt-pt\/politica-de-privacidade\/","og_site_name":"Grupo ATDI","article_modified_time":"2025-05-05T20:00:32+00:00","twitter_card":"summary_large_image","twitter_misc":{"Tempo estimado de leitura":"3 minutos"},"schema":{"@context":"https:\/\/schema.org","@graph":[{"@type":"WebPage","@id":"https:\/\/atdi-grupo.com\/pt-pt\/politica-de-privacidade\/","url":"https:\/\/atdi-grupo.com\/pt-pt\/politica-de-privacidade\/","name":"Pol\u00edtica de privacidade - Grupo ATDI","isPartOf":{"@id":"https:\/\/atdi-grupo.com\/pt-pt\/#website"},"datePublished":"2025-03-26T10:12:33+00:00","dateModified":"2025-05-05T20:00:32+00:00","breadcrumb":{"@id":"https:\/\/atdi-grupo.com\/pt-pt\/politica-de-privacidade\/#breadcrumb"},"inLanguage":"pt-PT","potentialAction":[{"@type":"ReadAction","target":["https:\/\/atdi-grupo.com\/pt-pt\/politica-de-privacidade\/"]}]},{"@type":"BreadcrumbList","@id":"https:\/\/atdi-grupo.com\/pt-pt\/politica-de-privacidade\/#breadcrumb","itemListElement":[{"@type":"ListItem","position":1,"name":"Inicio","item":"https:\/\/atdi-grupo.com\/pt-pt\/"},{"@type":"ListItem","position":2,"name":"Pol\u00edtica de privacidade"}]},{"@type":"WebSite","@id":"https:\/\/atdi-grupo.com\/pt-pt\/#website","url":"https:\/\/atdi-grupo.com\/pt-pt\/","name":"Grupo ATDI","description":"Soluciones inmobiliarias con impacto positivo","potentialAction":[{"@type":"SearchAction","target":{"@type":"EntryPoint","urlTemplate":"https:\/\/atdi-grupo.com\/pt-pt\/?s={search_term_string}"},"query-input":{"@type":"PropertyValueSpecification","valueRequired":true,"valueName":"search_term_string"}}],"inLanguage":"pt-PT"}]}},"_links":{"self":[{"href":"https:\/\/atdi-grupo.com\/pt-pt\/wp-json\/wp\/v2\/pages\/1875","targetHints":{"allow":["GET"]}}],"collection":[{"href":"https:\/\/atdi-grupo.com\/pt-pt\/wp-json\/wp\/v2\/pages"}],"about":[{"href":"https:\/\/atdi-grupo.com\/pt-pt\/wp-json\/wp\/v2\/types\/page"}],"author":[{"embeddable":true,"href":"https:\/\/atdi-grupo.com\/pt-pt\/wp-json\/wp\/v2\/users\/1"}],"replies":[{"embeddable":true,"href":"https:\/\/atdi-grupo.com\/pt-pt\/wp-json\/wp\/v2\/comments?post=1875"}],"version-history":[{"count":4,"href":"https:\/\/atdi-grupo.com\/pt-pt\/wp-json\/wp\/v2\/pages\/1875\/revisions"}],"predecessor-version":[{"id":2189,"href":"https:\/\/atdi-grupo.com\/pt-pt\/wp-json\/wp\/v2\/pages\/1875\/revisions\/2189"}],"wp:attachment":[{"href":"https:\/\/atdi-grupo.com\/pt-pt\/wp-json\/wp\/v2\/media?parent=1875"}],"curies":[{"name":"wp","href":"https:\/\/api.w.org\/{rel}","templated":true}]}}