{"id":1871,"date":"2025-03-26T10:12:18","date_gmt":"2025-03-26T10:12:18","guid":{"rendered":"https:\/\/atdi-grupo.com\/politica-de-cookies\/"},"modified":"2025-05-05T20:00:24","modified_gmt":"2025-05-05T20:00:24","slug":"politica-de-cookies","status":"publish","type":"page","link":"https:\/\/atdi-grupo.com\/pt-pt\/politica-de-cookies\/","title":{"rendered":"Pol\u00edtica de cookies"},"content":{"rendered":"\t\t<div data-elementor-type=\"wp-page\" data-elementor-id=\"1871\" class=\"elementor elementor-1871 elementor-516\" data-elementor-post-type=\"page\">\n\t\t\t\t<div class=\"elementor-element elementor-element-25d0b8a e-flex e-con-boxed e-con e-parent\" data-id=\"25d0b8a\" data-element_type=\"container\" data-settings=\"{&quot;background_background&quot;:&quot;classic&quot;}\">\n\t\t\t\t\t<div class=\"e-con-inner\">\n\t\t<div class=\"elementor-element elementor-element-aa86752 e-con-full e-flex e-con e-child\" data-id=\"aa86752\" data-element_type=\"container\">\n\t\t\t\t<div class=\"elementor-element elementor-element-e98f66c elementor-widget__width-initial elementor-widget elementor-widget-heading\" data-id=\"e98f66c\" data-element_type=\"widget\" data-widget_type=\"heading.default\">\n\t\t\t\t<div class=\"elementor-widget-container\">\n\t\t\t\t\t<h2 class=\"elementor-heading-title elementor-size-default\">Pol\u00edtica de cookies<\/h2>\t\t\t\t<\/div>\n\t\t\t\t<\/div>\n\t\t\t\t<\/div>\n\t\t\t\t<div class=\"elementor-element elementor-element-f132716 elementor-widget-divider--view-line elementor-widget elementor-widget-divider\" data-id=\"f132716\" data-element_type=\"widget\" data-widget_type=\"divider.default\">\n\t\t\t\t<div class=\"elementor-widget-container\">\n\t\t\t\t\t\t\t<div class=\"elementor-divider\">\n\t\t\t<span class=\"elementor-divider-separator\">\n\t\t\t\t\t\t<\/span>\n\t\t<\/div>\n\t\t\t\t\t\t<\/div>\n\t\t\t\t<\/div>\n\t\t\t\t\t<\/div>\n\t\t\t\t<\/div>\n\t\t<div class=\"elementor-element elementor-element-f4d2a6e e-flex e-con-boxed e-con e-parent\" data-id=\"f4d2a6e\" data-element_type=\"container\">\n\t\t\t\t\t<div class=\"e-con-inner\">\n\t\t\t\t<div class=\"elementor-element elementor-element-3ad95d7 elementor-widget elementor-widget-text-editor\" data-id=\"3ad95d7\" data-element_type=\"widget\" data-widget_type=\"text-editor.default\">\n\t\t\t\t<div class=\"elementor-widget-container\">\n\t\t\t\t\t\t\t\t\t<p class=\"p2\">A Atitlan Desarrollos Inmobiliarios S.L., utiliza no seu s\u00edtio web <a href=\"http:\/\/www.atdi-grupo.com\/\">www.atdi-grupo.com<\/a> cookies pr\u00f3prios e de terceiros com diferentes finalidades. Com o objetivo de proporcionar ao utilizador a informa\u00e7\u00e3o adequada para que possa dar ou retirar o seu consentimento para a instala\u00e7\u00e3o destes cookies no seu dispositivo de navega\u00e7\u00e3o, a seguir indicam-se as principais carater\u00edsticas destes cookies, assim como proporcionar ao utilizador a informa\u00e7\u00e3o necess\u00e1ria para que possa gerir a <span class=\"s2\">sua<\/span> instala\u00e7\u00e3o.<\/p><p class=\"p3\"><b>DEFICIT<\/b><b> <\/b><b>DE<\/b><span class=\"s2\"><b> COOKIE<\/b><\/span><\/p><p class=\"p4\"><span class=\"s2\">A<\/span> <span class=\"s2\">biscoito<\/span> <span class=\"s2\">\u00e9<\/span> <span class=\"s2\">a<\/span> <span class=\"s2\">ficheiro<\/span> <span class=\"s2\">que<\/span> <span class=\"s2\">em<\/span> <span class=\"s2\">instala<\/span> <span class=\"s2\">em<\/span> <span class=\"s2\">sobre<\/span> <span class=\"s2\">dispositivo<\/span> <span class=\"s2\">com<\/span> <span class=\"s2\">sobre<\/span> <span class=\"s2\">que<\/span> <span class=\"s2\">sobre<\/span> <span class=\"s2\">utilizador<\/span> <span class=\"s2\">navega <\/span>atrav\u00e9s de<span class=\"s8\"> <a href=\"http:\/\/www.atdi-grupo.com\/\">www.atdi-grupo.com,<\/a><\/span> quer seja um computador, um smartphone ou qualquer outro dispositivo que o permita.<\/p><p class=\"p3\">Os cookies podem permitir que os servi\u00e7os sejam adaptados \u00e0s necessidades do Utilizador (l\u00edngua, resolu\u00e7\u00e3o, etc.) e podem tamb\u00e9m permitir \u00e0 ATDI obter estat\u00edsticas sobre o comportamento dos Utilizadores que navegam no seu s\u00edtio Web, a fim de melhorar os servi\u00e7os que lhes s\u00e3o oferecidos.<\/p><p class=\"p5\">Existem diferentes crit\u00e9rios de classifica\u00e7\u00e3o dos cookies em fun\u00e7\u00e3o de diferentes factores, como a sua gest\u00e3o (\u00e9 o caso deste s\u00edtio Web, onde o Google gere os seus pr\u00f3prios cookies anal\u00edticos). O tempo durante o qual os cookies permanecem activos no dispositivo do utilizador tamb\u00e9m permite diferenci\u00e1-los entre cookies de sess\u00e3o (quando o tempo durante o qual permanecem activos \u00e9 o mesmo que o tempo durante o qual o utilizador est\u00e1 a navegar) ou cookies persistentes (quando permanecem instalados no dispositivo do utilizador durante mais tempo). Da mesma forma, dependendo da sua finalidade, os cookies podem ou n\u00e3o requerer o consentimento do Utilizador.<\/p><p class=\"p6\"><b>TIPOS<\/b><b> <\/b><b>DE <\/b><span class=\"s2\"><b>COOKIES<\/b><\/span><\/p><table class=\"responsive-table-cookies\"><thead><tr><th>Categoria<\/th><th>Tipo de produto<\/th><th>Descri\u00e7\u00e3o<\/th><\/tr><\/thead><tbody><tr><td rowspan=\"2\">Depende do propriet\u00e1rio e do gestor do im\u00f3vel<\/td><td>Pr\u00f3prio<\/td><td>Os geridos pela ATDI que s\u00e3o enviados para o dispositivo do utilizador.<\/td><\/tr><tr><td>De terceiros<\/td><td>Os geridos pela Google Inc. que s\u00e3o enviados pela Google para o dispositivo do utilizador.<\/td><\/tr><tr><td rowspan=\"2\">Dependendo do tempo que permanecem activos<\/td><td>Em sess\u00e3o<\/td><td>Recolhem e armazenam dados durante a sess\u00e3o do utilizador e s\u00e3o automaticamente eliminados no final da sess\u00e3o (por exemplo, dete\u00e7\u00e3o da l\u00edngua).<\/td><\/tr><tr><td>Persistente<\/td><td>Os dados recolhidos atrav\u00e9s da utiliza\u00e7\u00e3o do cookie permanecem armazenados durante um per\u00edodo de tempo mais longo.<\/td><\/tr><tr><td>\u00a0<\/td><td colspan=\"2\">N\u00e3o requerem o consentimento do Utilizador.<\/td><\/tr><\/tbody><\/table><table class=\"responsive-table-alt\"><tbody><tr><td rowspan=\"7\">Depende da sua finalidade<\/td><td>T\u00e9cnicas<\/td><td>S\u00e3o necess\u00e1rias para que a navega\u00e7\u00e3o no s\u00edtio Web seja efectuada corretamente.<\/td><\/tr><tr><td>Personaliza\u00e7\u00e3o ou configura\u00e7\u00e3o<\/td><td>S\u00e3o utilizadas para personalizar ou configurar a apresenta\u00e7\u00e3o da p\u00e1gina Web, reconhecendo a sua l\u00edngua, a resolu\u00e7\u00e3o do ecr\u00e3, etc.<\/td><\/tr><tr><td>Seguran\u00e7a<\/td><td>S\u00e3o utilizados para evitar ou dificultar ataques contra o s\u00edtio Web e\/ou os utilizadores.<\/td><\/tr><tr><td colspan=\"2\">Exigir o consentimento do utilizador<\/td><\/tr><tr><td>Anal\u00edticos<\/td><td>S\u00e3o aqueles que medem a atividade do utilizador quando visita o s\u00edtio ou a p\u00e1gina web e compilam estat\u00edsticas sobre a navega\u00e7\u00e3o do utilizador para nos ajudar a melhorar os nossos servi\u00e7os e a apresenta\u00e7\u00e3o da informa\u00e7\u00e3o.<\/td><\/tr><tr><td>Publicidade<\/td><td>S\u00e3o utilizados para gerir a frequ\u00eancia e o conte\u00fado da publicidade apresentada aos Utilizadores.<\/td><\/tr><tr><td>Seguimento<\/td><td>Analisam a atividade do utilizador para apresentar publicidade personalizada.<\/td><\/tr><\/tbody><\/table><p class=\"p26\"><b>COOKIES<\/b><b> <\/b><b>DE<\/b><b> <\/b><b>DESTE<\/b><b> <\/b><b>S\u00cdTIO WEB<\/b><b> <\/b><span class=\"s1\"><b>WEB<\/b><\/span><\/p><p class=\"p27\">Em <span class=\"s19\"><b>www.atdi-grupo.<\/b><\/span><b>com<\/b><b> <\/b>utilizamos os seguintes cookies pr\u00f3prios e <span class=\"s2\">de terceiros:<\/span><\/p><table class=\"responsive-table\"><thead><tr><th>Tipo de im\u00f3vel<\/th><th>Propriedade<\/th><th>Nome da propriedade<\/th><th>Finalidade<\/th><th>Vencimento<\/th><\/tr><\/thead><tbody><tr><td>Personaliza\u00e7\u00e3o ou configura\u00e7\u00e3o<\/td><td>Atdi-group.com<\/td><td>devicePixelRatio<\/td><td>Identifica a resolu\u00e7\u00e3o do ecr\u00e3 do dispositivo para melhorar a apresenta\u00e7\u00e3o dos conte\u00fados.<\/td><td>Uma semana<\/td><\/tr><tr><td>Personaliza\u00e7\u00e3o ou configura\u00e7\u00e3o<\/td><td>Atdi-group.com<\/td><td>pll_language<\/td><td>Determina as prefer\u00eancias lingu\u00edsticas do utilizador.<\/td><td>24 horas<\/td><\/tr><tr><td>An\u00e1lises<\/td><td>Google Analytics<\/td><td>_ga<\/td><td>Utilizado para identificar cada utilizador.<\/td><td>Dois anos<\/td><\/tr><tr><td>An\u00e1lises<\/td><td>Google Analytics<\/td><td>_gid<\/td><td>Utilizado para distinguir os utilizadores.<\/td><td>24 horas<\/td><\/tr><\/tbody><\/table><p class=\"p4\"><b>COOKIES<\/b><b> <\/b><b>DE<\/b><span class=\"s2\"><b> TERCEIROS<\/b><\/span><\/p><p class=\"p31\">A ATDI permite a utiliza\u00e7\u00e3o no seu s\u00edtio Web de cookies da Google Inc., uma empresa de Delaware, cuja sede est\u00e1 localizada no Googleplex, 1600 Amphitheatre Parkway Mountain View, CA 94043 USA. Estes cookies s\u00e3o geridos inteiramente pela Google Inc. atrav\u00e9s da sua ferramenta Google <span class=\"s2\">Analytics<\/span>.<\/p><p class=\"p32\">O Google Analytics capta e armazena, com base na atividade do Utilizador, informa\u00e7\u00e3o relativa ao Utilizador, embora o fa\u00e7a de forma an\u00f3nima. Com toda a informa\u00e7\u00e3o recolhida pelo Google Analytics, a Google elabora relat\u00f3rios estat\u00edsticos que permitem \u00e0 ATDI melhorar os seus servi\u00e7os e a sua apresenta\u00e7\u00e3o.<\/p><p class=\"p2\">Embora o Google recolha informa\u00e7\u00e3o sobre o Utilizador, a ATDI n\u00e3o pode aceder \u00e0 mesma, pelo que n\u00e3o pode, em caso algum, identificar o Utilizador, obtendo apenas informa\u00e7\u00e3o estat\u00edstica e an\u00f3nima sobre as visitas recebidas no portal web, tipos de dispositivos utilizados para o efeito, idioma utilizado, zona geogr\u00e1fica a partir da qual se realizam as visitas, por exemplo. Isto permite \u00e0 ATDI conhecer o volume de tr\u00e1fego no seu s\u00edtio web e a sua participa\u00e7\u00e3o no mesmo.<\/p><p class=\"p3\"><b>CONDI\u00c7\u00d5ES<\/b><b> <\/b><b>GERAL<\/b><b> <\/b><b>DE<\/b><span class=\"s2\"><b> GOOGLE<\/b><\/span><\/p><p class=\"p4\">Como a ferramenta do Google n\u00e3o \u00e9 operada pela ATDI, o Google mant\u00e9m as suas pr\u00f3prias pol\u00edticas de privacidade publicadas em rela\u00e7\u00e3o \u00e0 sua ferramenta <span class=\"s2\">de an\u00e1lise<\/span>.<\/p><p class=\"p2\">Para facilitar o conhecimento do utilizador sobre esta ferramenta e as implica\u00e7\u00f5es da aceita\u00e7\u00e3o da sua instala\u00e7\u00e3o, gostar\u00edamos de te fornecer as seguintes liga\u00e7\u00f5es para estas pol\u00edticas:<\/p><p class=\"p33\">Termos e condi\u00e7\u00f5es do Google <span class=\"s2\">Analytics<\/span>:<\/p><p class=\"p34\"><span class=\"s21\"><a href=\"http:\/\/www.google.com\/analytics\/tos.html\"><b>http:\/\/www.google.com\/analytics\/tos.html<\/b><\/a><\/span><\/p><p class=\"p33\">Pol\u00edtica de privacidade <span class=\"s2\">da Google<\/span>:<\/p><p class=\"p33\"><span class=\"s21\"><a href=\"http:\/\/www.google.com\/intl\/es\/policies\/privacy\/\"><b>http:\/\/www.google.com\/intl\/es\/policies\/privacy\/<\/b><\/a><\/span><\/p><p class=\"p35\">Privacidade Google <span class=\"s2\">Analytics:<\/span><\/p><p class=\"p36\"><span class=\"s21\"><a href=\"http:\/\/www.google.com\/intl\/es\/analytics\/privacyoverview.html\"><b>http:\/\/www.google.com\/intl\/es\/analytics\/privacyoverview.html<\/b><\/a><\/span><\/p><p class=\"p37\">Tem em aten\u00e7\u00e3o que esta informa\u00e7\u00e3o pode variar, uma vez que se trata de informa\u00e7\u00e3o da pr\u00f3pria Google, pelo que recomendamos vivamente que consultes as pol\u00edticas da Google ou at\u00e9 mesmo que as contactes para obteres mais informa\u00e7\u00f5es sobre <span class=\"s2\">as mesmas<\/span>.<\/p><p class=\"p4\"><b>GEST\u00c3O<\/b><b> <\/b><b>DA<\/b><b> <\/b><b>O<\/b><span class=\"s2\"><b> COOKIES<\/b><\/span><\/p><p class=\"p4\">Com exce\u00e7\u00e3o dos cookies de sess\u00e3o ou t\u00e9cnicos que n\u00e3o requerem o consentimento do Utilizador, todos os cookies anal\u00edticos ou publicit\u00e1rios podem ser geridos, eliminados ou desactivados pelo Utilizador.<\/p><p class=\"p38\">Neste sentido, a ATDI disponibiliza ao Utilizador a possibilidade de gerir facilmente os cookies.<\/p><p class=\"p31\">Em qualquer caso, dependendo do navegador utilizado pelo Utilizador para aceder ao <span class=\"s19\"><b>www.atdi-grupo.com<\/b><\/span><span class=\"s22\"><b>,<\/b><\/span><b> <\/b>existe a possibilidade de o utilizador poder gerir a elimina\u00e7\u00e3o ou instala\u00e7\u00e3o de cookies a partir do seu pr\u00f3prio dispositivo. Para o efeito, <span class=\"s2\">indicam-se <\/span> <span class=\"s2\">a seguir<\/span><span class=\"s2\">diferentes<\/span> navegadores, <span class=\"s1\">bem <\/span> <span class=\"s1\">como<\/span> <span class=\"s1\">as<\/span> <span class=\"s2\">liga\u00e7\u00f5es <\/span>correspondentes \u00e0 informa\u00e7\u00e3o que permitir\u00e1 ao utilizador realizar esta gest\u00e3o.<\/p><p class=\"p39\"><b>Internet<\/b><span class=\"s2\"><b> Explorador<\/b>:<\/span><\/p><p class=\"p40\">Ferramentas -&gt; Op\u00e7\u00f5es da Internet -&gt; Privacidade -&gt;<span class=\"s2\"> Defini\u00e7\u00f5es.<\/span><\/p><p class=\"p34\">Para mais informa\u00e7\u00f5es, podes consultar o suporte da Microsoft ou a Ajuda <span class=\"s2\">do browser.<\/span><\/p><p class=\"p39\"><span class=\"s2\"><b>Utiliza o Firefox:<\/b><\/span><\/p><p class=\"p40\"><span class=\"s2\">Ferramentas<\/span> <span class=\"s2\">-&gt; Op\u00e7\u00f5es -&gt; Privacidade -&gt; Hist\u00f3rico<\/span> <span class=\"s2\">-&gt; Defini\u00e7\u00f5es<\/span> <span class=\"s2\">Personaliza.<\/span><\/p><p class=\"p34\">Para mais informa\u00e7\u00f5es, podes consultar o suporte da Mozilla ou a Ajuda do <span class=\"s2\">browser<\/span>.<\/p><p class=\"p41\"><span class=\"s2\"><b>Croma<\/b>:<\/span><\/p><p class=\"p42\">Defini\u00e7\u00f5es -&gt; Mostrar op\u00e7\u00f5es avan\u00e7adas -&gt; Privacidade -&gt; Defini\u00e7\u00f5es <span class=\"s2\">de conte\u00fado<\/span>.<\/p><p class=\"p35\">Para mais informa\u00e7\u00f5es, podes consultar o suporte do Google ou a Ajuda <span class=\"s2\">do browser.<\/span><\/p><p class=\"p39\"><span class=\"s2\"><b>Safari<\/b>:<\/span><\/p><p class=\"p43\">Prefer\u00eancias -&gt; <span class=\"s2\">Seguran\u00e7a.<\/span><\/p><p class=\"p35\">Para obter mais informa\u00e7\u00f5es, podes consultar o suporte da Apple ou a Ajuda <span class=\"s2\">do browser<\/span>.<\/p><p class=\"p39\"><span class=\"s2\"><b>Opera:<\/b><\/span><\/p><p class=\"p43\">Defini\u00e7\u00f5es -&gt; Limpa os dados de <span class=\"s2\">navega\u00e7\u00e3o<\/span>.<\/p><p class=\"p44\">Para mais informa\u00e7\u00f5es, podes consultar o suporte do Opera ou a Ajuda do <span class=\"s2\">browser.<\/span><\/p><p class=\"p45\">No caso de o Utilizador utilizar um browser diferente dos anteriores, contacta o apoio t\u00e9cnico correspondente.<\/p>\t\t\t\t\t\t\t\t<\/div>\n\t\t\t\t<\/div>\n\t\t\t\t\t<\/div>\n\t\t\t\t<\/div>\n\t\t\t\t<\/div>\n\t\t","protected":false},"excerpt":{"rendered":"<p>Pol\u00edtica de cookies A Atitlan Desarrollos Inmobiliarios S.L., utiliza no seu s\u00edtio web www.atdi-grupo.com cookies pr\u00f3prios e de terceiros com diferentes finalidades. Com o objetivo de proporcionar ao utilizador a informa\u00e7\u00e3o adequada para que possa dar ou retirar o seu consentimento para a instala\u00e7\u00e3o destes cookies no seu dispositivo de navega\u00e7\u00e3o, a seguir indicam-se as [&hellip;]<\/p>\n","protected":false},"author":1,"featured_media":0,"parent":0,"menu_order":0,"comment_status":"closed","ping_status":"closed","template":"","meta":{"_acf_changed":false,"footnotes":""},"class_list":["post-1871","page","type-page","status-publish","hentry"],"acf":[],"yoast_head":"<!-- This site is optimized with the Yoast SEO plugin v27.0 - https:\/\/yoast.com\/product\/yoast-seo-wordpress\/ -->\n<title>Pol\u00edtica de cookies - Grupo ATDI<\/title>\n<meta name=\"robots\" content=\"index, follow, max-snippet:-1, max-image-preview:large, max-video-preview:-1\" \/>\n<link rel=\"canonical\" href=\"https:\/\/atdi-grupo.com\/pt-pt\/politica-de-cookies\/\" \/>\n<meta property=\"og:locale\" content=\"pt_PT\" \/>\n<meta property=\"og:type\" content=\"article\" \/>\n<meta property=\"og:title\" content=\"Pol\u00edtica de cookies - Grupo ATDI\" \/>\n<meta property=\"og:description\" content=\"Pol\u00edtica de cookies A Atitlan Desarrollos Inmobiliarios S.L., utiliza no seu s\u00edtio web www.atdi-grupo.com cookies pr\u00f3prios e de terceiros com diferentes finalidades. Com o objetivo de proporcionar ao utilizador a informa\u00e7\u00e3o adequada para que possa dar ou retirar o seu consentimento para a instala\u00e7\u00e3o destes cookies no seu dispositivo de navega\u00e7\u00e3o, a seguir indicam-se as [&hellip;]\" \/>\n<meta property=\"og:url\" content=\"https:\/\/atdi-grupo.com\/pt-pt\/politica-de-cookies\/\" \/>\n<meta property=\"og:site_name\" content=\"Grupo ATDI\" \/>\n<meta property=\"article:modified_time\" content=\"2025-05-05T20:00:24+00:00\" \/>\n<meta name=\"twitter:card\" content=\"summary_large_image\" \/>\n<script type=\"application\/ld+json\" class=\"yoast-schema-graph\">{\"@context\":\"https:\/\/schema.org\",\"@graph\":[{\"@type\":\"WebPage\",\"@id\":\"https:\/\/atdi-grupo.com\/pt-pt\/politica-de-cookies\/\",\"url\":\"https:\/\/atdi-grupo.com\/pt-pt\/politica-de-cookies\/\",\"name\":\"Pol\u00edtica de cookies - Grupo ATDI\",\"isPartOf\":{\"@id\":\"https:\/\/atdi-grupo.com\/pt-pt\/#website\"},\"datePublished\":\"2025-03-26T10:12:18+00:00\",\"dateModified\":\"2025-05-05T20:00:24+00:00\",\"breadcrumb\":{\"@id\":\"https:\/\/atdi-grupo.com\/pt-pt\/politica-de-cookies\/#breadcrumb\"},\"inLanguage\":\"pt-PT\",\"potentialAction\":[{\"@type\":\"ReadAction\",\"target\":[\"https:\/\/atdi-grupo.com\/pt-pt\/politica-de-cookies\/\"]}]},{\"@type\":\"BreadcrumbList\",\"@id\":\"https:\/\/atdi-grupo.com\/pt-pt\/politica-de-cookies\/#breadcrumb\",\"itemListElement\":[{\"@type\":\"ListItem\",\"position\":1,\"name\":\"Inicio\",\"item\":\"https:\/\/atdi-grupo.com\/pt-pt\/\"},{\"@type\":\"ListItem\",\"position\":2,\"name\":\"Pol\u00edtica de cookies\"}]},{\"@type\":\"WebSite\",\"@id\":\"https:\/\/atdi-grupo.com\/pt-pt\/#website\",\"url\":\"https:\/\/atdi-grupo.com\/pt-pt\/\",\"name\":\"Grupo ATDI\",\"description\":\"Soluciones inmobiliarias con impacto positivo\",\"potentialAction\":[{\"@type\":\"SearchAction\",\"target\":{\"@type\":\"EntryPoint\",\"urlTemplate\":\"https:\/\/atdi-grupo.com\/pt-pt\/?s={search_term_string}\"},\"query-input\":{\"@type\":\"PropertyValueSpecification\",\"valueRequired\":true,\"valueName\":\"search_term_string\"}}],\"inLanguage\":\"pt-PT\"}]}<\/script>\n<!-- \/ Yoast SEO plugin. -->","yoast_head_json":{"title":"Pol\u00edtica de cookies - Grupo ATDI","robots":{"index":"index","follow":"follow","max-snippet":"max-snippet:-1","max-image-preview":"max-image-preview:large","max-video-preview":"max-video-preview:-1"},"canonical":"https:\/\/atdi-grupo.com\/pt-pt\/politica-de-cookies\/","og_locale":"pt_PT","og_type":"article","og_title":"Pol\u00edtica de cookies - Grupo ATDI","og_description":"Pol\u00edtica de cookies A Atitlan Desarrollos Inmobiliarios S.L., utiliza no seu s\u00edtio web www.atdi-grupo.com cookies pr\u00f3prios e de terceiros com diferentes finalidades. Com o objetivo de proporcionar ao utilizador a informa\u00e7\u00e3o adequada para que possa dar ou retirar o seu consentimento para a instala\u00e7\u00e3o destes cookies no seu dispositivo de navega\u00e7\u00e3o, a seguir indicam-se as [&hellip;]","og_url":"https:\/\/atdi-grupo.com\/pt-pt\/politica-de-cookies\/","og_site_name":"Grupo ATDI","article_modified_time":"2025-05-05T20:00:24+00:00","twitter_card":"summary_large_image","schema":{"@context":"https:\/\/schema.org","@graph":[{"@type":"WebPage","@id":"https:\/\/atdi-grupo.com\/pt-pt\/politica-de-cookies\/","url":"https:\/\/atdi-grupo.com\/pt-pt\/politica-de-cookies\/","name":"Pol\u00edtica de cookies - Grupo ATDI","isPartOf":{"@id":"https:\/\/atdi-grupo.com\/pt-pt\/#website"},"datePublished":"2025-03-26T10:12:18+00:00","dateModified":"2025-05-05T20:00:24+00:00","breadcrumb":{"@id":"https:\/\/atdi-grupo.com\/pt-pt\/politica-de-cookies\/#breadcrumb"},"inLanguage":"pt-PT","potentialAction":[{"@type":"ReadAction","target":["https:\/\/atdi-grupo.com\/pt-pt\/politica-de-cookies\/"]}]},{"@type":"BreadcrumbList","@id":"https:\/\/atdi-grupo.com\/pt-pt\/politica-de-cookies\/#breadcrumb","itemListElement":[{"@type":"ListItem","position":1,"name":"Inicio","item":"https:\/\/atdi-grupo.com\/pt-pt\/"},{"@type":"ListItem","position":2,"name":"Pol\u00edtica de cookies"}]},{"@type":"WebSite","@id":"https:\/\/atdi-grupo.com\/pt-pt\/#website","url":"https:\/\/atdi-grupo.com\/pt-pt\/","name":"Grupo ATDI","description":"Soluciones inmobiliarias con impacto positivo","potentialAction":[{"@type":"SearchAction","target":{"@type":"EntryPoint","urlTemplate":"https:\/\/atdi-grupo.com\/pt-pt\/?s={search_term_string}"},"query-input":{"@type":"PropertyValueSpecification","valueRequired":true,"valueName":"search_term_string"}}],"inLanguage":"pt-PT"}]}},"_links":{"self":[{"href":"https:\/\/atdi-grupo.com\/pt-pt\/wp-json\/wp\/v2\/pages\/1871","targetHints":{"allow":["GET"]}}],"collection":[{"href":"https:\/\/atdi-grupo.com\/pt-pt\/wp-json\/wp\/v2\/pages"}],"about":[{"href":"https:\/\/atdi-grupo.com\/pt-pt\/wp-json\/wp\/v2\/types\/page"}],"author":[{"embeddable":true,"href":"https:\/\/atdi-grupo.com\/pt-pt\/wp-json\/wp\/v2\/users\/1"}],"replies":[{"embeddable":true,"href":"https:\/\/atdi-grupo.com\/pt-pt\/wp-json\/wp\/v2\/comments?post=1871"}],"version-history":[{"count":4,"href":"https:\/\/atdi-grupo.com\/pt-pt\/wp-json\/wp\/v2\/pages\/1871\/revisions"}],"predecessor-version":[{"id":2186,"href":"https:\/\/atdi-grupo.com\/pt-pt\/wp-json\/wp\/v2\/pages\/1871\/revisions\/2186"}],"wp:attachment":[{"href":"https:\/\/atdi-grupo.com\/pt-pt\/wp-json\/wp\/v2\/media?parent=1871"}],"curies":[{"name":"wp","href":"https:\/\/api.w.org\/{rel}","templated":true}]}}