{"id":1867,"date":"2025-03-26T10:11:59","date_gmt":"2025-03-26T09:11:59","guid":{"rendered":"https:\/\/atdi-grupo.com\/aviso-legal\/"},"modified":"2025-05-05T20:00:40","modified_gmt":"2025-05-05T20:00:40","slug":"aviso-legal","status":"publish","type":"page","link":"https:\/\/atdi-grupo.com\/pt-pt\/aviso-legal\/","title":{"rendered":"Aviso legal"},"content":{"rendered":"\t\t<div data-elementor-type=\"wp-page\" data-elementor-id=\"1867\" class=\"elementor elementor-1867 elementor-514\" data-elementor-post-type=\"page\">\n\t\t\t\t<div class=\"elementor-element elementor-element-74f7370 e-flex e-con-boxed e-con e-parent\" data-id=\"74f7370\" data-element_type=\"container\" data-settings=\"{&quot;background_background&quot;:&quot;classic&quot;}\">\n\t\t\t\t\t<div class=\"e-con-inner\">\n\t\t<div class=\"elementor-element elementor-element-8583007 e-con-full e-flex e-con e-child\" data-id=\"8583007\" data-element_type=\"container\">\n\t\t\t\t<div class=\"elementor-element elementor-element-c5034a6 elementor-widget__width-initial elementor-widget elementor-widget-heading\" data-id=\"c5034a6\" data-element_type=\"widget\" data-widget_type=\"heading.default\">\n\t\t\t\t<div class=\"elementor-widget-container\">\n\t\t\t\t\t<h2 class=\"elementor-heading-title elementor-size-default\">Aviso legal<\/h2>\t\t\t\t<\/div>\n\t\t\t\t<\/div>\n\t\t\t\t<\/div>\n\t\t\t\t<div class=\"elementor-element elementor-element-ed0bcc9 elementor-widget-divider--view-line elementor-widget elementor-widget-divider\" data-id=\"ed0bcc9\" data-element_type=\"widget\" data-widget_type=\"divider.default\">\n\t\t\t\t<div class=\"elementor-widget-container\">\n\t\t\t\t\t\t\t<div class=\"elementor-divider\">\n\t\t\t<span class=\"elementor-divider-separator\">\n\t\t\t\t\t\t<\/span>\n\t\t<\/div>\n\t\t\t\t\t\t<\/div>\n\t\t\t\t<\/div>\n\t\t\t\t\t<\/div>\n\t\t\t\t<\/div>\n\t\t<div class=\"elementor-element elementor-element-12cf2d3 e-flex e-con-boxed e-con e-parent\" data-id=\"12cf2d3\" data-element_type=\"container\">\n\t\t\t\t\t<div class=\"e-con-inner\">\n\t\t\t\t<div class=\"elementor-element elementor-element-2755553 elementor-widget elementor-widget-text-editor\" data-id=\"2755553\" data-element_type=\"widget\" data-widget_type=\"text-editor.default\">\n\t\t\t\t<div class=\"elementor-widget-container\">\n\t\t\t\t\t\t\t\t\t<p class=\"p2\"><b>1. INFORMA\u00c7\u00c3O JUR\u00cdDICA E ACEITA\u00c7\u00c3O  <\/b><\/p><p class=\"p2\">As presentes disposi\u00e7\u00f5es regulam a utiliza\u00e7\u00e3o do servi\u00e7o do portal de Internet (o<b>&#8220;Portal<\/b>&#8220;) que a Atitlan Desarrollos Inmobiliarios, S.L. (<b>&#8220;ATDI<\/b>&#8220;) coloca \u00e0 disposi\u00e7\u00e3o dos utilizadores da Internet.<\/p><p class=\"p3\">Para dar cumprimento ao disposto no artigo 10\u00ba da Lei 34\/2002, de 11 de julho, de Servi\u00e7os da Sociedade da Informa\u00e7\u00e3o e do Com\u00e9rcio Eletr\u00f3nico (<b>&#8220;LSSI<\/b>&#8220;), informamos que a ATDI, com sede social na Calle Don Juan de Austria, 30, 4\u00ba andar, 46002 Val\u00eancia, Espanha e n\u00famero de identifica\u00e7\u00e3o fiscal B-98923402, est\u00e1 inscrita no Registo Comercial de Val\u00eancia, Tomo 10307, F\u00f3lio 56, Sec\u00e7\u00e3o 8, Folha V-177011.<\/p><p class=\"p2\">O acesso ao Portal \u00e9 gratuito, com exce\u00e7\u00e3o do custo de liga\u00e7\u00e3o atrav\u00e9s da rede de telecomunica\u00e7\u00f5es fornecida pelo fornecedor de acesso contratado. Alguns servi\u00e7os s\u00e3o exclusivos dos nossos investidores e o seu acesso \u00e9 restrito. <\/p><p class=\"p3\">A utiliza\u00e7\u00e3o do Portal confere a condi\u00e7\u00e3o de utilizador do Portal (o<b>&#8220;Utilizador<\/b>&#8220;) e implica a aceita\u00e7\u00e3o de todas as condi\u00e7\u00f5es inclu\u00eddas no presente documento (o<b>&#8220;Aviso Legal<\/b>&#8220;). A presta\u00e7\u00e3o do servi\u00e7o do Portal est\u00e1 limitada ao momento em que o Utilizador est\u00e1 ligado ao Portal. Por conseguinte, o Utilizador deve ler atentamente o presente Aviso Legal sempre que pretenda utilizar o Portal, uma vez que o Portal e as condi\u00e7\u00f5es de utiliza\u00e7\u00e3o nele estabelecidas podem sofrer altera\u00e7\u00f5es.  <\/p><p class=\"p2\">Alguns servi\u00e7os do Portal acess\u00edveis ao Utilizador podem estar sujeitos a condi\u00e7\u00f5es particulares, regulamentos e instru\u00e7\u00f5es que, se for caso disso, substituem, completam e\/ou modificam o presente Aviso Legal e que devem ser aceites pelo Utilizador antes da presta\u00e7\u00e3o do servi\u00e7o correspondente. De igual modo, nos casos em que para a utiliza\u00e7\u00e3o de qualquer um dos servi\u00e7os inclu\u00eddos no Portal seja necess\u00e1rio introduzir um nome de utilizador (<b>&#8220;login<\/b>&#8220;) e uma palavra-passe (<b>&#8220;password<\/b>&#8220;), o Utilizador compromete-se a utiliz\u00e1-los de forma diligente e a n\u00e3o colocar o seu login e password \u00e0 disposi\u00e7\u00e3o de terceiros, devendo informar a ATDI, com a maior brevidade poss\u00edvel, da sua perda, roubo ou qualquer outra circunst\u00e2ncia que possa ter comprometido o seu segredo. <\/p><p class=\"p2\"><b>2. PROPRIEDADE INTELECTUAL E INDUSTRIAL  <\/b><\/p><p class=\"p2\">Todos os conte\u00fados do Portal, incluindo, mas n\u00e3o se limitando a textos, gr\u00e1ficos, imagens, fotografias, \u00edcones, tecnologia, software, links e outros conte\u00fados audiovisuais ou sonoros, bem como o seu design gr\u00e1fico e c\u00f3digos fonte (os<b>&#8220;Conte\u00fados<\/b>&#8220;), s\u00e3o propriedade intelectual da ATDI ou de terceiros, n\u00e3o se entendendo transferido para o Utilizador nenhum dos direitos de explora\u00e7\u00e3o reconhecidos pela legisla\u00e7\u00e3o vigente em mat\u00e9ria de propriedade intelectual sobre os mesmos, salvo os estritamente necess\u00e1rios para a utiliza\u00e7\u00e3o do Portal.<\/p><p class=\"p2\">As marcas, nomes comerciais ou sinais distintivos s\u00e3o propriedade da ATDI ou de terceiros, n\u00e3o podendo o acesso ao Portal ser interpretado como atribui\u00e7\u00e3o de qualquer direito sobre as referidas marcas, nomes comerciais e\/ou sinais distintivos.<\/p><p class=\"p5\"><b>3. TERMOS E CONDI\u00c7\u00d5ES DE UTILIZA\u00c7\u00c3O DO WEBSITE 3.1 Generalidades  <\/b><\/p><p class=\"p2\"><b>3.2 Conte\u00fado  <\/b><\/p><p class=\"p2\">O Utilizador compromete-se a fazer uma utiliza\u00e7\u00e3o correta do Portal, de acordo com a Lei e o presente Aviso Legal. O Utilizador responder\u00e1 perante a ATDI ou perante terceiros por quaisquer danos que possam ser causados em consequ\u00eancia do incumprimento desta obriga\u00e7\u00e3o. <\/p><p class=\"p2\">\u00c9 expressamente proibida a utiliza\u00e7\u00e3o do Portal para fins lesivos dos bens ou interesses da ATDI ou de terceiros ou que, de qualquer outra forma, sobrecarreguem, danifiquem ou inutilizem as redes, servidores e demais equipamentos inform\u00e1ticos (hardware) ou produtos e aplica\u00e7\u00f5es inform\u00e1ticas (software) da ATDI ou de terceiros.<\/p><p class=\"p2\">Em caso de registo, o Utilizador compromete-se a: (i) fornecer os dados solicitados com veracidade e mant\u00ea-los atualizados; (ii) resguardar adequadamente o login e a senha fornecidos pela ATDI, como elementos identificadores e habilitadores para o acesso a determinados servi\u00e7os oferecidos no Portal, comprometendo-se a n\u00e3o transferir o seu uso ou permitir o acesso a eles por terceiros; (iii) comunicar \u00e0 ATDI, logo que poss\u00edvel, a perda ou roubo do login e\/ou password, bem como qualquer risco de acesso aos mesmos por terceiros; e (iv) n\u00e3o utilizar identidades falsas ou fazer-se passar por outrem na utiliza\u00e7\u00e3o do Portal ou na utiliza\u00e7\u00e3o de qualquer dos servi\u00e7os do Portal, incluindo a utiliza\u00e7\u00e3o de passwords, se aplic\u00e1vel.    <\/p><p class=\"p3\">O Utilizador compromete-se a utilizar os Conte\u00fados em conformidade com a Lei e o presente Aviso Legal, bem como com quaisquer outras condi\u00e7\u00f5es, regulamentos e instru\u00e7\u00f5es que possam ser aplic\u00e1veis de acordo com o disposto na cl\u00e1usula 1. A t\u00edtulo de exemplo, o Utilizador, de acordo com a legisla\u00e7\u00e3o em vigor, deve abster-se de <\/p><p class=\"p2\">a) Reproduzir, copiar, distribuir, disponibilizar, comunicar publicamente, transformar ou modificar os Conte\u00fados, exceto nos casos autorizados por lei ou expressamente consentidos pela ATDI ou por quem detenha a titularidade dos direitos de explora\u00e7\u00e3o, consoante o caso.<\/p><p class=\"p2\">b) Extrai e\/ou reutiliza a totalidade ou uma parte substancial dos Conte\u00fados que a ATDI disponibiliza atrav\u00e9s do Portal.<\/p><p class=\"p2\"><b>3.3 Formul\u00e1rios de recolha de dados  <\/b><\/p><p class=\"p2\">Sem preju\u00edzo do disposto na cl\u00e1usula 5 do presente Aviso Legal, bem como das pol\u00edticas de privacidade acess\u00edveis a partir do Portal e que possam ser aplic\u00e1veis em cada momento, a utiliza\u00e7\u00e3o de determinados servi\u00e7os ou pedidos dirigidos \u00e0 ATDI est\u00e3o condicionados \u00e0 realiza\u00e7\u00e3o pr\u00e9via do correspondente registo de Utilizador.<\/p><p class=\"p2\"><b>3.3 Introdu\u00e7\u00e3o de liga\u00e7\u00f5es ao Portal  <\/b><\/p><p class=\"p2\">Todas as informa\u00e7\u00f5es fornecidas pelo Utilizador atrav\u00e9s dos formul\u00e1rios do Portal para os fins acima referidos ou quaisquer outros fins devem ser verdadeiras. Para estes efeitos, o Utilizador garante a autenticidade de todos os dados fornecidos e manter\u00e1 a informa\u00e7\u00e3o fornecida \u00e0 ATDI perfeitamente actualizada de modo a que corresponda, em cada momento, \u00e0 situa\u00e7\u00e3o real do Utilizador. Em qualquer caso, o Utilizador ser\u00e1 o \u00fanico respons\u00e1vel pelas declara\u00e7\u00f5es falsas ou inexactas que prestar e pelos preju\u00edzos que causar \u00e0 ATDI ou a terceiros em consequ\u00eancia da informa\u00e7\u00e3o prestada.  <\/p><p class=\"p2\">Os utilizadores da Internet que desejem introduzir liga\u00e7\u00f5es a partir das suas pr\u00f3prias p\u00e1ginas web para o Portal devem cumprir as condi\u00e7\u00f5es detalhadas a seguir, sem que o desconhecimento destas condi\u00e7\u00f5es evite as responsabilidades derivadas da Lei:<\/p><p class=\"p2\">a) A hiperliga\u00e7\u00e3o s\u00f3 pode remeter para a p\u00e1gina inicial ou para a p\u00e1gina principal do Portal, mas n\u00e3o pode reproduzi-la de forma alguma (hiperliga\u00e7\u00f5es em linha, c\u00f3pia de textos, gr\u00e1ficos, etc.).<\/p><p class=\"p6\">b) \u00c9 proibido em todos os casos, de acordo com a legisla\u00e7\u00e3o aplic\u00e1vel em vigor em cada momento, estabelecer molduras de qualquer tipo que rodeiem o Portal ou que permitam a visualiza\u00e7\u00e3o dos Conte\u00fados atrav\u00e9s de endere\u00e7os de Internet diferentes dos do Portal e, em qualquer caso, quando sejam visualizados juntamente com conte\u00fados alheios ao Portal, de tal forma que: (I) produza, ou possa produzir, erro, confus\u00e3o ou engano nos utilizadores quanto \u00e0 verdadeira origem do servi\u00e7o ou dos Conte\u00fados; (II) implique um ato de compara\u00e7\u00e3o ou imita\u00e7\u00e3o desleal; (III) sirva para tirar partido da notoriedade da marca e do prest\u00edgio da ATDI; ou (IV) de qualquer outra forma seja proibido pela legisla\u00e7\u00e3o em vigor.    <\/p><p class=\"p2\">c) A p\u00e1gina que introduz a liga\u00e7\u00e3o n\u00e3o deve fazer declara\u00e7\u00f5es falsas, inexactas ou incorrectas sobre a ATDI, os seus s\u00f3cios, colaboradores, investidores ou as actividades ou servi\u00e7os que presta.<\/p><p class=\"p2\">d) Em caso algum poder\u00e1 ser indicado na p\u00e1gina onde se encontra a hiperliga\u00e7\u00e3o que a ATDI deu o seu consentimento para a inser\u00e7\u00e3o da hiperliga\u00e7\u00e3o ou que de alguma forma patrocina, colabora, verifica ou supervisiona os servi\u00e7os do remetente.<\/p><p class=\"p3\">e) \u00c9 proibida a utiliza\u00e7\u00e3o de qualquer palavra, marca gr\u00e1fica ou mista ou qualquer outro sinal distintivo da ATDI no site do remetente, exceto nos casos permitidos por lei ou autorizados por escrito pela ATDI e desde que, nestes casos, seja permitida uma liga\u00e7\u00e3o direta ao Portal nos moldes estabelecidos na presente cl\u00e1usula.<\/p><p class=\"p3\">f) A p\u00e1gina que estabelece a liga\u00e7\u00e3o deve cumprir fielmente a lei e n\u00e3o pode, em caso algum, disponibilizar ou ligar a conte\u00fados pr\u00f3prios ou de terceiros que: (I) sejam il\u00edcitos, nocivos ou contr\u00e1rios \u00e0 moral e aos bons costumes (pornogr\u00e1ficos, violentos, racistas, etc.); (II) induzam ou possam induzir o Utilizador a acreditar falsamente que a ATDI subscreve, endossa, adere ou de alguma forma apoia as ideias, declara\u00e7\u00f5es ou express\u00f5es, legais ou n\u00e3o, da ATDI.); (II) induzam ou possam induzir no Utilizador a falsa convic\u00e7\u00e3o de que a ATDI subscreve, endossa, adere ou de qualquer forma apoia as ideias, declara\u00e7\u00f5es ou express\u00f5es, l\u00edcitas ou il\u00edcitas, do remetente; (III) sejam inadequados ou irrelevantes para a atividade da ATDI em face do local, conte\u00fado e objeto do website do remetente.   <\/p><p class=\"p2\"><b>4. EXCLUS\u00c3O DE RESPONSABILIDADE  <\/b><\/p><p class=\"p2\"><b>4.1 Informa\u00e7\u00f5es  <\/b><\/p><p class=\"p3\">O acesso ao Portal n\u00e3o implica qualquer obriga\u00e7\u00e3o por parte da ATDI de verificar a veracidade, exatid\u00e3o, adequa\u00e7\u00e3o, idoneidade, completude e atualidade da informa\u00e7\u00e3o disponibilizada atrav\u00e9s do Portal. O conte\u00fado desta p\u00e1gina \u00e9 de car\u00e1cter geral e n\u00e3o constitui, de forma alguma, a presta\u00e7\u00e3o de um servi\u00e7o de aconselhamento, nem constitui uma recomenda\u00e7\u00e3o para a realiza\u00e7\u00e3o de qualquer tipo de neg\u00f3cio jur\u00eddico ou qualquer outro tipo de transa\u00e7\u00e3o, pelo que tal informa\u00e7\u00e3o \u00e9 insuficiente para que o Utilizador possa tomar decis\u00f5es pessoais ou empresariais. <\/p><p class=\"p6\">A informa\u00e7\u00e3o contida no Portal n\u00e3o pode ser considerada, em caso algum, como uma avalia\u00e7\u00e3o por parte de um perito independente, nem como um conselho de investimento, sendo apenas de car\u00e1cter informativo e orientador, com o objetivo de servir de introdu\u00e7\u00e3o, sem que tenham sido analisados os perfis de investidor ou as carater\u00edsticas dos destinat\u00e1rios da informa\u00e7\u00e3o contida no mesmo, nem a sua adequa\u00e7\u00e3o ou conveni\u00eancia, sendo a informa\u00e7\u00e3o apresentada de forma gen\u00e9rica, n\u00e3o sendo dirigida a um perfil espec\u00edfico ou a um \u00fanico destinat\u00e1rio. Da mesma forma, esta informa\u00e7\u00e3o n\u00e3o pode ser considerada como um relat\u00f3rio de an\u00e1lise ou como uma recomenda\u00e7\u00e3o dirigida ao p\u00fablico em geral. <\/p><p class=\"p2\">A ATDI n\u00e3o assume qualquer responsabilidade por decis\u00f5es tomadas com base na informa\u00e7\u00e3o disponibilizada no Portal ou por quaisquer danos causados ao Utilizador ou a terceiros em resultado de ac\u00e7\u00f5es baseadas exclusivamente em informa\u00e7\u00e3o obtida no Portal.<\/p><p class=\"p2\"><b>4.2 Qualidade do servi\u00e7o  <\/b><\/p><p class=\"p2\">O acesso ao Portal n\u00e3o implica qualquer obriga\u00e7\u00e3o por parte da ATDI de controlar a aus\u00eancia de v\u00edrus, worms ou qualquer outro elemento inform\u00e1tico nocivo. \u00c9 da responsabilidade do Utilizador, em qualquer caso, assegurar a disponibilidade de ferramentas adequadas para a dete\u00e7\u00e3o e desinfe\u00e7\u00e3o de programas inform\u00e1ticos nocivos. <\/p><p class=\"p2\">A ATDI n\u00e3o se responsabiliza por quaisquer danos causados nos equipamentos inform\u00e1ticos dos Utilizadores ou de terceiros durante a presta\u00e7\u00e3o do servi\u00e7o do Portal.<\/p><p class=\"p2\"><b>4.3 Disponibilidade do servi\u00e7o  <\/b><\/p><p class=\"p3\">O acesso ao Portal requer servi\u00e7os e fornecimentos de terceiros, incluindo o transporte atrav\u00e9s de redes de telecomunica\u00e7\u00f5es, cuja fiabilidade, qualidade, continuidade e funcionamento n\u00e3o s\u00e3o da responsabilidade da ATDI. Consequentemente, os servi\u00e7os prestados atrav\u00e9s do Portal podem ser suspensos, cancelados ou ficar inacess\u00edveis, antes ou em simult\u00e2neo com a presta\u00e7\u00e3o do servi\u00e7o do Portal. <\/p><p class=\"p2\">A ATDI n\u00e3o \u00e9 respons\u00e1vel pelos danos de qualquer natureza causados ao Utilizador em consequ\u00eancia de falhas ou desconex\u00f5es nas redes de telecomunica\u00e7\u00f5es que originem a suspens\u00e3o, cancelamento ou interrup\u00e7\u00e3o do servi\u00e7o do Portal durante ou antes da presta\u00e7\u00e3o do mesmo.<\/p><p class=\"p2\"><b>4.4 Conte\u00fados e servi\u00e7os ligados atrav\u00e9s do Portal  <\/b><\/p><p class=\"p2\">O servi\u00e7o de acesso ao Portal inclui dispositivos t\u00e9cnicos de liga\u00e7\u00e3o, diret\u00f3rios e at\u00e9 ferramentas de pesquisa que permitem ao Utilizador aceder a outras p\u00e1ginas e portais da Internet (os<b>&#8220;Linked Sites<\/b>&#8220;). Nestes casos, a ATDI actua como prestador de servi\u00e7os intermedi\u00e1rio nos termos do artigo 17\u00ba da LSSI e s\u00f3 ser\u00e1 respons\u00e1vel pelos conte\u00fados e servi\u00e7os disponibilizados nos Linked Sites na medida em que tenha conhecimento efetivo da ilicitude e n\u00e3o tenha desativado a liga\u00e7\u00e3o com a devida dilig\u00eancia. Caso o Utilizador considere que existe um Linked Site com conte\u00fados il\u00edcitos ou inadequados, poder\u00e1 notificar a ATDI de acordo com o procedimento e efeitos estabelecidos na cl\u00e1usula 6\u00aa, sem que tal notifica\u00e7\u00e3o implique, em caso algum, a obriga\u00e7\u00e3o de remover o respetivo link.  <\/p><p class=\"p2\">A exist\u00eancia de Sites Ligados n\u00e3o pressup\u00f5e, em caso algum, a exist\u00eancia de acordos com os gestores ou propriet\u00e1rios dos mesmos, nem a recomenda\u00e7\u00e3o, promo\u00e7\u00e3o ou identifica\u00e7\u00e3o da ATDI com as afirma\u00e7\u00f5es, conte\u00fados ou servi\u00e7os prestados.<\/p><p class=\"p2\">A ATDI n\u00e3o tem conhecimento dos conte\u00fados e servi\u00e7os dos Sites Ligados, pelo que n\u00e3o ser\u00e1 respons\u00e1vel por quaisquer danos causados pela ilegalidade, qualidade, falta de atualiza\u00e7\u00e3o, indisponibilidade, erro ou inutilidade dos conte\u00fados e\/ou servi\u00e7os dos Sites Ligados ou por quaisquer outros danos que n\u00e3o sejam diretamente imput\u00e1veis \u00e0 ATDI.<\/p><p class=\"p2\"><b>4. PROTEC\u00c7\u00c3O DOS DADOS PESSOAIS  <\/b><\/p><p class=\"p2\">Para mais informa\u00e7\u00f5es sobre o tratamento dos teus dados pessoais no Portal, consulta a Pol\u00edtica de Privacidade.<\/p><p class=\"p2\"><b>5. COMUNICA\u00c7\u00c3O DE ACTIVIDADES ILEGAIS E INADEQUADAS  <\/b><\/p><p class=\"p2\">No caso de o Utilizador ou qualquer outro utilizador da Internet ter conhecimento de que os Linked Sites remetem para p\u00e1ginas cujos conte\u00fados ou servi\u00e7os s\u00e3o il\u00edcitos, nocivos, denegridores, violentos ou contr\u00e1rios \u00e0 moral, pode contactar a ATDI indicando os seguintes pontos:<\/p><p class=\"p2\">a) Dados pessoais do autor da chamada: nome, morada, n\u00famero de telefone e endere\u00e7o eletr\u00f3nico;<\/p><p class=\"p2\">b) Descri\u00e7\u00e3o dos factos que revelam a natureza ilegal ou inadequada do s\u00edtio ligado;<\/p><p class=\"p3\">c) Em caso de viola\u00e7\u00e3o de direitos, como os direitos de propriedade intelectual e industrial, os dados pessoais do titular do direito violado, quando se trate de uma pessoa que n\u00e3o seja a parte comunicante. Deve igualmente fornecer o t\u00edtulo que atesta a legitimidade do titular dos direitos e, se for caso disso, o t\u00edtulo de representa\u00e7\u00e3o para agir em nome do titular, quando se tratar de uma pessoa que n\u00e3o seja a parte comunicante; <\/p><p class=\"p2\">d) Declara\u00e7\u00e3o expressa de que as informa\u00e7\u00f5es contidas no pedido s\u00e3o exactas.<\/p><p class=\"p2\">A rece\u00e7\u00e3o pela ATDI da comunica\u00e7\u00e3o prevista na presente cl\u00e1usula n\u00e3o implica, nos termos do disposto na LSSI, o conhecimento efetivo das actividades e\/ou conte\u00fados indicados pela parte comunicante.<\/p><p class=\"p2\"><b>6. LEGISLA\u00c7\u00c3O E JURISDI\u00c7\u00c3O  <\/b><\/p><p class=\"p2\">O presente Aviso Legal rege-se, em todos e cada um dos seus aspectos, pela legisla\u00e7\u00e3o espanhola.<\/p>\t\t\t\t\t\t\t\t<\/div>\n\t\t\t\t<\/div>\n\t\t\t\t\t<\/div>\n\t\t\t\t<\/div>\n\t\t\t\t<\/div>\n\t\t","protected":false},"excerpt":{"rendered":"<p>Aviso legal 1. INFORMA\u00c7\u00c3O JUR\u00cdDICA E ACEITA\u00c7\u00c3O As presentes disposi\u00e7\u00f5es regulam a utiliza\u00e7\u00e3o do servi\u00e7o do portal de Internet (o&#8220;Portal&#8220;) que a Atitlan Desarrollos Inmobiliarios, S.L. (&#8220;ATDI&#8220;) coloca \u00e0 disposi\u00e7\u00e3o dos utilizadores da Internet. Para dar cumprimento ao disposto no artigo 10\u00ba da Lei 34\/2002, de 11 de julho, de Servi\u00e7os da Sociedade da Informa\u00e7\u00e3o [&hellip;]<\/p>\n","protected":false},"author":1,"featured_media":0,"parent":0,"menu_order":0,"comment_status":"closed","ping_status":"closed","template":"","meta":{"_acf_changed":false,"footnotes":""},"class_list":["post-1867","page","type-page","status-publish","hentry"],"acf":[],"yoast_head":"<!-- This site is optimized with the Yoast SEO plugin v27.0 - https:\/\/yoast.com\/product\/yoast-seo-wordpress\/ -->\n<title>Aviso legal - Grupo ATDI<\/title>\n<meta name=\"robots\" content=\"index, follow, max-snippet:-1, max-image-preview:large, max-video-preview:-1\" \/>\n<link rel=\"canonical\" href=\"https:\/\/atdi-grupo.com\/pt-pt\/aviso-legal\/\" \/>\n<meta property=\"og:locale\" content=\"pt_PT\" \/>\n<meta property=\"og:type\" content=\"article\" \/>\n<meta property=\"og:title\" content=\"Aviso legal - Grupo ATDI\" \/>\n<meta property=\"og:description\" content=\"Aviso legal 1. INFORMA\u00c7\u00c3O JUR\u00cdDICA E ACEITA\u00c7\u00c3O As presentes disposi\u00e7\u00f5es regulam a utiliza\u00e7\u00e3o do servi\u00e7o do portal de Internet (o&#8220;Portal&#8220;) que a Atitlan Desarrollos Inmobiliarios, S.L. (&#8220;ATDI&#8220;) coloca \u00e0 disposi\u00e7\u00e3o dos utilizadores da Internet. Para dar cumprimento ao disposto no artigo 10\u00ba da Lei 34\/2002, de 11 de julho, de Servi\u00e7os da Sociedade da Informa\u00e7\u00e3o [&hellip;]\" \/>\n<meta property=\"og:url\" content=\"https:\/\/atdi-grupo.com\/pt-pt\/aviso-legal\/\" \/>\n<meta property=\"og:site_name\" content=\"Grupo ATDI\" \/>\n<meta property=\"article:modified_time\" content=\"2025-05-05T20:00:40+00:00\" \/>\n<meta name=\"twitter:card\" content=\"summary_large_image\" \/>\n<meta name=\"twitter:label1\" content=\"Tempo estimado de leitura\" \/>\n\t<meta name=\"twitter:data1\" content=\"13 minutos\" \/>\n<script type=\"application\/ld+json\" class=\"yoast-schema-graph\">{\"@context\":\"https:\/\/schema.org\",\"@graph\":[{\"@type\":\"WebPage\",\"@id\":\"https:\/\/atdi-grupo.com\/pt-pt\/aviso-legal\/\",\"url\":\"https:\/\/atdi-grupo.com\/pt-pt\/aviso-legal\/\",\"name\":\"Aviso legal - Grupo ATDI\",\"isPartOf\":{\"@id\":\"https:\/\/atdi-grupo.com\/pt-pt\/#website\"},\"datePublished\":\"2025-03-26T09:11:59+00:00\",\"dateModified\":\"2025-05-05T20:00:40+00:00\",\"breadcrumb\":{\"@id\":\"https:\/\/atdi-grupo.com\/pt-pt\/aviso-legal\/#breadcrumb\"},\"inLanguage\":\"pt-PT\",\"potentialAction\":[{\"@type\":\"ReadAction\",\"target\":[\"https:\/\/atdi-grupo.com\/pt-pt\/aviso-legal\/\"]}]},{\"@type\":\"BreadcrumbList\",\"@id\":\"https:\/\/atdi-grupo.com\/pt-pt\/aviso-legal\/#breadcrumb\",\"itemListElement\":[{\"@type\":\"ListItem\",\"position\":1,\"name\":\"Inicio\",\"item\":\"https:\/\/atdi-grupo.com\/pt-pt\/\"},{\"@type\":\"ListItem\",\"position\":2,\"name\":\"Aviso legal\"}]},{\"@type\":\"WebSite\",\"@id\":\"https:\/\/atdi-grupo.com\/pt-pt\/#website\",\"url\":\"https:\/\/atdi-grupo.com\/pt-pt\/\",\"name\":\"Grupo ATDI\",\"description\":\"Soluciones inmobiliarias con impacto positivo\",\"potentialAction\":[{\"@type\":\"SearchAction\",\"target\":{\"@type\":\"EntryPoint\",\"urlTemplate\":\"https:\/\/atdi-grupo.com\/pt-pt\/?s={search_term_string}\"},\"query-input\":{\"@type\":\"PropertyValueSpecification\",\"valueRequired\":true,\"valueName\":\"search_term_string\"}}],\"inLanguage\":\"pt-PT\"}]}<\/script>\n<!-- \/ Yoast SEO plugin. -->","yoast_head_json":{"title":"Aviso legal - Grupo ATDI","robots":{"index":"index","follow":"follow","max-snippet":"max-snippet:-1","max-image-preview":"max-image-preview:large","max-video-preview":"max-video-preview:-1"},"canonical":"https:\/\/atdi-grupo.com\/pt-pt\/aviso-legal\/","og_locale":"pt_PT","og_type":"article","og_title":"Aviso legal - Grupo ATDI","og_description":"Aviso legal 1. INFORMA\u00c7\u00c3O JUR\u00cdDICA E ACEITA\u00c7\u00c3O As presentes disposi\u00e7\u00f5es regulam a utiliza\u00e7\u00e3o do servi\u00e7o do portal de Internet (o&#8220;Portal&#8220;) que a Atitlan Desarrollos Inmobiliarios, S.L. (&#8220;ATDI&#8220;) coloca \u00e0 disposi\u00e7\u00e3o dos utilizadores da Internet. Para dar cumprimento ao disposto no artigo 10\u00ba da Lei 34\/2002, de 11 de julho, de Servi\u00e7os da Sociedade da Informa\u00e7\u00e3o [&hellip;]","og_url":"https:\/\/atdi-grupo.com\/pt-pt\/aviso-legal\/","og_site_name":"Grupo ATDI","article_modified_time":"2025-05-05T20:00:40+00:00","twitter_card":"summary_large_image","twitter_misc":{"Tempo estimado de leitura":"13 minutos"},"schema":{"@context":"https:\/\/schema.org","@graph":[{"@type":"WebPage","@id":"https:\/\/atdi-grupo.com\/pt-pt\/aviso-legal\/","url":"https:\/\/atdi-grupo.com\/pt-pt\/aviso-legal\/","name":"Aviso legal - Grupo ATDI","isPartOf":{"@id":"https:\/\/atdi-grupo.com\/pt-pt\/#website"},"datePublished":"2025-03-26T09:11:59+00:00","dateModified":"2025-05-05T20:00:40+00:00","breadcrumb":{"@id":"https:\/\/atdi-grupo.com\/pt-pt\/aviso-legal\/#breadcrumb"},"inLanguage":"pt-PT","potentialAction":[{"@type":"ReadAction","target":["https:\/\/atdi-grupo.com\/pt-pt\/aviso-legal\/"]}]},{"@type":"BreadcrumbList","@id":"https:\/\/atdi-grupo.com\/pt-pt\/aviso-legal\/#breadcrumb","itemListElement":[{"@type":"ListItem","position":1,"name":"Inicio","item":"https:\/\/atdi-grupo.com\/pt-pt\/"},{"@type":"ListItem","position":2,"name":"Aviso legal"}]},{"@type":"WebSite","@id":"https:\/\/atdi-grupo.com\/pt-pt\/#website","url":"https:\/\/atdi-grupo.com\/pt-pt\/","name":"Grupo ATDI","description":"Soluciones inmobiliarias con impacto positivo","potentialAction":[{"@type":"SearchAction","target":{"@type":"EntryPoint","urlTemplate":"https:\/\/atdi-grupo.com\/pt-pt\/?s={search_term_string}"},"query-input":{"@type":"PropertyValueSpecification","valueRequired":true,"valueName":"search_term_string"}}],"inLanguage":"pt-PT"}]}},"_links":{"self":[{"href":"https:\/\/atdi-grupo.com\/pt-pt\/wp-json\/wp\/v2\/pages\/1867","targetHints":{"allow":["GET"]}}],"collection":[{"href":"https:\/\/atdi-grupo.com\/pt-pt\/wp-json\/wp\/v2\/pages"}],"about":[{"href":"https:\/\/atdi-grupo.com\/pt-pt\/wp-json\/wp\/v2\/types\/page"}],"author":[{"embeddable":true,"href":"https:\/\/atdi-grupo.com\/pt-pt\/wp-json\/wp\/v2\/users\/1"}],"replies":[{"embeddable":true,"href":"https:\/\/atdi-grupo.com\/pt-pt\/wp-json\/wp\/v2\/comments?post=1867"}],"version-history":[{"count":4,"href":"https:\/\/atdi-grupo.com\/pt-pt\/wp-json\/wp\/v2\/pages\/1867\/revisions"}],"predecessor-version":[{"id":2192,"href":"https:\/\/atdi-grupo.com\/pt-pt\/wp-json\/wp\/v2\/pages\/1867\/revisions\/2192"}],"wp:attachment":[{"href":"https:\/\/atdi-grupo.com\/pt-pt\/wp-json\/wp\/v2\/media?parent=1867"}],"curies":[{"name":"wp","href":"https:\/\/api.w.org\/{rel}","templated":true}]}}