{"id":1863,"date":"2025-03-12T10:16:49","date_gmt":"2025-03-12T09:16:49","guid":{"rendered":"https:\/\/atdi-grupo.com\/gestao-de-outros-activos-imobiliarios\/"},"modified":"2025-06-25T18:03:18","modified_gmt":"2025-06-25T16:03:18","slug":"gestao-de-outros-activos-imobiliarios","status":"publish","type":"page","link":"https:\/\/atdi-grupo.com\/pt-pt\/gestao-de-outros-activos-imobiliarios\/","title":{"rendered":"Gest\u00e3o de outros activos imobili\u00e1rios"},"content":{"rendered":"\t\t<div data-elementor-type=\"wp-page\" data-elementor-id=\"1863\" class=\"elementor elementor-1863 elementor-290\" data-elementor-post-type=\"page\">\n\t\t\t\t<div class=\"elementor-element elementor-element-ea0298f e-flex e-con-boxed e-con e-parent\" data-id=\"ea0298f\" data-element_type=\"container\" data-settings=\"{&quot;background_background&quot;:&quot;classic&quot;}\">\n\t\t\t\t\t<div class=\"e-con-inner\">\n\t\t<div class=\"elementor-element elementor-element-a477110 e-con-full e-flex e-con e-child\" data-id=\"a477110\" data-element_type=\"container\">\n\t\t<div class=\"elementor-element elementor-element-05c5498 e-con-full e-flex e-con e-child\" data-id=\"05c5498\" data-element_type=\"container\">\n\t\t\t\t<div class=\"elementor-element elementor-element-3d70915 elementor-widget elementor-widget-button\" data-id=\"3d70915\" data-element_type=\"widget\" data-widget_type=\"button.default\">\n\t\t\t\t<div class=\"elementor-widget-container\">\n\t\t\t\t\t\t\t\t\t<div class=\"elementor-button-wrapper\">\n\t\t\t\t\t<a class=\"elementor-button elementor-button-link elementor-size-sm\" href=\"https:\/\/atdi-grupo.com\/pt-pt\/a-nossa-empresa\/\">\n\t\t\t\t\t\t<span class=\"elementor-button-content-wrapper\">\n\t\t\t\t\t\t<span class=\"elementor-button-icon\">\n\t\t\t\t<svg aria-hidden=\"true\" class=\"e-font-icon-svg e-fas-arrow-left\" viewBox=\"0 0 448 512\" xmlns=\"http:\/\/www.w3.org\/2000\/svg\"><path d=\"M257.5 445.1l-22.2 22.2c-9.4 9.4-24.6 9.4-33.9 0L7 273c-9.4-9.4-9.4-24.6 0-33.9L201.4 44.7c9.4-9.4 24.6-9.4 33.9 0l22.2 22.2c9.5 9.5 9.3 25-.4 34.3L136.6 216H424c13.3 0 24 10.7 24 24v32c0 13.3-10.7 24-24 24H136.6l120.5 114.8c9.8 9.3 10 24.8.4 34.3z\"><\/path><\/svg>\t\t\t<\/span>\n\t\t\t\t\t\t\t\t\t<span class=\"elementor-button-text\">Volta atr\u00e1s<\/span>\n\t\t\t\t\t<\/span>\n\t\t\t\t\t<\/a>\n\t\t\t\t<\/div>\n\t\t\t\t\t\t\t\t<\/div>\n\t\t\t\t<\/div>\n\t\t\t\t<div class=\"elementor-element elementor-element-c1ba731 elementor-widget__width-initial elementor-widget elementor-widget-heading\" data-id=\"c1ba731\" data-element_type=\"widget\" data-widget_type=\"heading.default\">\n\t\t\t\t<div class=\"elementor-widget-container\">\n\t\t\t\t\t<h2 class=\"elementor-heading-title elementor-size-default\">Servi\u00e7os de log\u00edstica<\/h2>\t\t\t\t<\/div>\n\t\t\t\t<\/div>\n\t\t\t\t<\/div>\n\t\t\t\t<div class=\"elementor-element elementor-element-f03c9f2 elementor-widget__width-initial elementor-widget elementor-widget-text-editor\" data-id=\"f03c9f2\" data-element_type=\"widget\" data-widget_type=\"text-editor.default\">\n\t\t\t\t<div class=\"elementor-widget-container\">\n\t\t\t\t\t\t\t\t\t<p class=\"p1\">Em 2023, abrimos uma nova linha de neg\u00f3cio com a aquisi\u00e7\u00e3o da Improving, uma<br \/>empresa l\u00edder em solu\u00e7\u00f5es log\u00edsticas na Comunidade Valenciana. Como acionistas,<br \/>participamos ativamente na gest\u00e3o da empresa.<\/p>\t\t\t\t\t\t\t\t<\/div>\n\t\t\t\t<\/div>\n\t\t\t\t<\/div>\n\t\t\t\t<div class=\"elementor-element elementor-element-c99ac7f elementor-widget-divider--view-line elementor-widget elementor-widget-divider\" data-id=\"c99ac7f\" data-element_type=\"widget\" data-widget_type=\"divider.default\">\n\t\t\t\t<div class=\"elementor-widget-container\">\n\t\t\t\t\t\t\t<div class=\"elementor-divider\">\n\t\t\t<span class=\"elementor-divider-separator\">\n\t\t\t\t\t\t<\/span>\n\t\t<\/div>\n\t\t\t\t\t\t<\/div>\n\t\t\t\t<\/div>\n\t\t\t\t\t<\/div>\n\t\t\t\t<\/div>\n\t\t<div class=\"elementor-element elementor-element-c37280d e-flex e-con-boxed e-con e-parent\" data-id=\"c37280d\" data-element_type=\"container\">\n\t\t\t\t\t<div class=\"e-con-inner\">\n\t\t\t\t<div class=\"elementor-element elementor-element-27747f0 elementor-widget elementor-widget-image\" data-id=\"27747f0\" data-element_type=\"widget\" data-widget_type=\"image.default\">\n\t\t\t\t<div class=\"elementor-widget-container\">\n\t\t\t\t\t\t\t\t\t\t\t\t\t\t\t<img fetchpriority=\"high\" decoding=\"async\" width=\"2560\" height=\"898\" src=\"https:\/\/atdi-grupo.com\/wp-content\/uploads\/Group-69-scaled.webp\" class=\"attachment-full size-full wp-image-1772\" alt=\"\" srcset=\"https:\/\/atdi-grupo.com\/wp-content\/uploads\/Group-69-scaled.webp 2560w, https:\/\/atdi-grupo.com\/wp-content\/uploads\/Group-69-768x269.webp 768w, https:\/\/atdi-grupo.com\/wp-content\/uploads\/Group-69-1536x539.webp 1536w, https:\/\/atdi-grupo.com\/wp-content\/uploads\/Group-69-2048x718.webp 2048w\" sizes=\"(max-width: 2560px) 100vw, 2560px\" \/>\t\t\t\t\t\t\t\t\t\t\t\t\t\t\t<\/div>\n\t\t\t\t<\/div>\n\t\t\t\t\t<\/div>\n\t\t\t\t<\/div>\n\t\t<div class=\"elementor-element elementor-element-5e4aba0 e-flex e-con-boxed e-con e-parent\" data-id=\"5e4aba0\" data-element_type=\"container\">\n\t\t\t\t\t<div class=\"e-con-inner\">\n\t\t\t\t<div class=\"elementor-element elementor-element-60238ef elementor-widget elementor-widget-heading\" data-id=\"60238ef\" data-element_type=\"widget\" data-widget_type=\"heading.default\">\n\t\t\t\t<div class=\"elementor-widget-container\">\n\t\t\t\t\t<h2 class=\"elementor-heading-title elementor-size-default\">Melhorar<\/h2>\t\t\t\t<\/div>\n\t\t\t\t<\/div>\n\t\t\t\t<div class=\"elementor-element elementor-element-7fa1a0f elementor-widget-divider--view-line elementor-widget elementor-widget-divider\" data-id=\"7fa1a0f\" data-element_type=\"widget\" data-widget_type=\"divider.default\">\n\t\t\t\t<div class=\"elementor-widget-container\">\n\t\t\t\t\t\t\t<div class=\"elementor-divider\">\n\t\t\t<span class=\"elementor-divider-separator\">\n\t\t\t\t\t\t<\/span>\n\t\t<\/div>\n\t\t\t\t\t\t<\/div>\n\t\t\t\t<\/div>\n\t\t\t\t\t<\/div>\n\t\t\t\t<\/div>\n\t\t<div class=\"elementor-element elementor-element-52a41bf e-flex e-con-boxed e-con e-parent\" data-id=\"52a41bf\" data-element_type=\"container\">\n\t\t\t\t\t<div class=\"e-con-inner\">\n\t\t\t\t<div class=\"elementor-element elementor-element-aeebb3a elementor-widget elementor-widget-text-editor\" data-id=\"aeebb3a\" data-element_type=\"widget\" data-widget_type=\"text-editor.default\">\n\t\t\t\t<div class=\"elementor-widget-container\">\n\t\t\t\t\t\t\t\t\t<p>Descobre mais em <a href=\"https:\/\/improlog.com\/\">https:\/\/improlog.com\/.<\/a><\/p>\t\t\t\t\t\t\t\t<\/div>\n\t\t\t\t<\/div>\n\t\t\t\t\t<\/div>\n\t\t\t\t<\/div>\n\t\t<div class=\"elementor-element elementor-element-a1b2ed2 e-flex e-con-boxed e-con e-parent\" data-id=\"a1b2ed2\" data-element_type=\"container\">\n\t\t\t\t\t<div class=\"e-con-inner\">\n\t\t<div class=\"elementor-element elementor-element-2388d59 e-con-full e-flex e-con e-child\" data-id=\"2388d59\" data-element_type=\"container\">\n\t\t\t\t<div class=\"elementor-element elementor-element-fcbcfe0 elementor-widget elementor-widget-image\" data-id=\"fcbcfe0\" data-element_type=\"widget\" data-widget_type=\"image.default\">\n\t\t\t\t<div class=\"elementor-widget-container\">\n\t\t\t\t\t\t\t\t\t\t\t\t\t\t\t<img decoding=\"async\" width=\"1600\" height=\"805\" src=\"https:\/\/atdi-grupo.com\/wp-content\/uploads\/Picassent-Ingenieria.jpg\" class=\"attachment-full size-full wp-image-1688\" alt=\"\" srcset=\"https:\/\/atdi-grupo.com\/wp-content\/uploads\/Picassent-Ingenieria.jpg 1600w, https:\/\/atdi-grupo.com\/wp-content\/uploads\/Picassent-Ingenieria-768x386.jpg 768w, https:\/\/atdi-grupo.com\/wp-content\/uploads\/Picassent-Ingenieria-1536x773.jpg 1536w\" sizes=\"(max-width: 1600px) 100vw, 1600px\" \/>\t\t\t\t\t\t\t\t\t\t\t\t\t\t\t<\/div>\n\t\t\t\t<\/div>\n\t\t\t\t<\/div>\n\t\t<div class=\"elementor-element elementor-element-00362e7 e-con-full e-flex e-con e-child\" data-id=\"00362e7\" data-element_type=\"container\">\n\t\t\t\t<div class=\"elementor-element elementor-element-81b643c elementor-widget elementor-widget-image\" data-id=\"81b643c\" data-element_type=\"widget\" data-widget_type=\"image.default\">\n\t\t\t\t<div class=\"elementor-widget-container\">\n\t\t\t\t\t\t\t\t\t\t\t\t\t\t\t<img decoding=\"async\" width=\"640\" height=\"480\" src=\"https:\/\/atdi-grupo.com\/wp-content\/uploads\/Ribarroja_R7_Interiores.jpg\" class=\"attachment-full size-full wp-image-1690\" alt=\"\" \/>\t\t\t\t\t\t\t\t\t\t\t\t\t\t\t<\/div>\n\t\t\t\t<\/div>\n\t\t\t\t<\/div>\n\t\t\t\t\t<\/div>\n\t\t\t\t<\/div>\n\t\t<div class=\"elementor-element elementor-element-fab8e39 e-flex e-con-boxed e-con e-parent\" data-id=\"fab8e39\" data-element_type=\"container\">\n\t\t\t\t\t<div class=\"e-con-inner\">\n\t\t\t\t<div class=\"elementor-element elementor-element-571d7e9 elementor-widget__width-initial elementor-widget elementor-widget-text-editor\" data-id=\"571d7e9\" data-element_type=\"widget\" data-widget_type=\"text-editor.default\">\n\t\t\t\t<div class=\"elementor-widget-container\">\n\t\t\t\t\t\t\t\t\t<p>A Improving oferece uma cobertura de 360\u00ba, com uma proposta de servi\u00e7os log\u00edsticos<br \/>\u00e0 medida. A empresa integra os seus clientes como partners, com o objetivo de<br \/>maximizar a efici\u00eancia operacional. O seu desenvolvimento em inova\u00e7\u00e3o,<br \/>automatiza\u00e7\u00e3o e gest\u00e3o de dados permite melhorar os resultados financeiros e o<br \/>posicionamento a n\u00edvel global.<\/p>\t\t\t\t\t\t\t\t<\/div>\n\t\t\t\t<\/div>\n\t\t\t\t\t<\/div>\n\t\t\t\t<\/div>\n\t\t<div class=\"elementor-element elementor-element-7b43266 e-flex e-con-boxed e-con e-parent\" data-id=\"7b43266\" data-element_type=\"container\">\n\t\t\t\t\t<div class=\"e-con-inner\">\n\t\t<div class=\"elementor-element elementor-element-298e6c9 e-con-full e-flex e-con e-child\" data-id=\"298e6c9\" data-element_type=\"container\">\n\t\t\t\t<div class=\"elementor-element elementor-element-72408e4 elementor-widget elementor-widget-image\" data-id=\"72408e4\" data-element_type=\"widget\" data-widget_type=\"image.default\">\n\t\t\t\t<div class=\"elementor-widget-container\">\n\t\t\t\t\t\t\t\t\t\t\t\t\t\t\t<img loading=\"lazy\" decoding=\"async\" width=\"640\" height=\"426\" src=\"https:\/\/atdi-grupo.com\/wp-content\/uploads\/Sagunto_exterior2.jpg\" class=\"attachment-full size-full wp-image-1692\" alt=\"\" \/>\t\t\t\t\t\t\t\t\t\t\t\t\t\t\t<\/div>\n\t\t\t\t<\/div>\n\t\t\t\t<\/div>\n\t\t<div class=\"elementor-element elementor-element-3a5b50c e-con-full e-flex e-con e-child\" data-id=\"3a5b50c\" data-element_type=\"container\">\n\t\t\t\t<div class=\"elementor-element elementor-element-370802f elementor-widget elementor-widget-image\" data-id=\"370802f\" data-element_type=\"widget\" data-widget_type=\"image.default\">\n\t\t\t\t<div class=\"elementor-widget-container\">\n\t\t\t\t\t\t\t\t\t\t\t\t\t\t\t<img loading=\"lazy\" decoding=\"async\" width=\"640\" height=\"426\" src=\"https:\/\/atdi-grupo.com\/wp-content\/uploads\/Ribarroja_-R2_exterior.jpg\" class=\"attachment-full size-full wp-image-1694\" alt=\"\" \/>\t\t\t\t\t\t\t\t\t\t\t\t\t\t\t<\/div>\n\t\t\t\t<\/div>\n\t\t\t\t<\/div>\n\t\t\t\t\t<\/div>\n\t\t\t\t<\/div>\n\t\t\t\t<\/div>\n\t\t","protected":false},"excerpt":{"rendered":"<p>Volta atr\u00e1s Servi\u00e7os de log\u00edstica Em 2023, abrimos uma nova linha de neg\u00f3cio com a aquisi\u00e7\u00e3o da Improving, umaempresa l\u00edder em solu\u00e7\u00f5es log\u00edsticas na Comunidade Valenciana. Como acionistas,participamos ativamente na gest\u00e3o da empresa. Melhorar Descobre mais em https:\/\/improlog.com\/. A Improving oferece uma cobertura de 360\u00ba, com uma proposta de servi\u00e7os log\u00edsticos\u00e0 medida. A empresa integra [&hellip;]<\/p>\n","protected":false},"author":1,"featured_media":0,"parent":0,"menu_order":0,"comment_status":"closed","ping_status":"closed","template":"","meta":{"_acf_changed":false,"footnotes":""},"class_list":["post-1863","page","type-page","status-publish","hentry"],"acf":[],"yoast_head":"<!-- This site is optimized with the Yoast SEO plugin v27.0 - https:\/\/yoast.com\/product\/yoast-seo-wordpress\/ -->\n<title>Gest\u00e3o de outros activos imobili\u00e1rios - Grupo ATDI<\/title>\n<meta name=\"robots\" content=\"index, follow, max-snippet:-1, max-image-preview:large, max-video-preview:-1\" \/>\n<link rel=\"canonical\" href=\"https:\/\/atdi-grupo.com\/pt-pt\/gestao-de-outros-activos-imobiliarios\/\" \/>\n<meta property=\"og:locale\" content=\"pt_PT\" \/>\n<meta property=\"og:type\" content=\"article\" \/>\n<meta property=\"og:title\" content=\"Gest\u00e3o de outros activos imobili\u00e1rios - Grupo ATDI\" \/>\n<meta property=\"og:description\" content=\"Volta atr\u00e1s Servi\u00e7os de log\u00edstica Em 2023, abrimos uma nova linha de neg\u00f3cio com a aquisi\u00e7\u00e3o da Improving, umaempresa l\u00edder em solu\u00e7\u00f5es log\u00edsticas na Comunidade Valenciana. Como acionistas,participamos ativamente na gest\u00e3o da empresa. Melhorar Descobre mais em https:\/\/improlog.com\/. A Improving oferece uma cobertura de 360\u00ba, com uma proposta de servi\u00e7os log\u00edsticos\u00e0 medida. A empresa integra [&hellip;]\" \/>\n<meta property=\"og:url\" content=\"https:\/\/atdi-grupo.com\/pt-pt\/gestao-de-outros-activos-imobiliarios\/\" \/>\n<meta property=\"og:site_name\" content=\"Grupo ATDI\" \/>\n<meta property=\"article:modified_time\" content=\"2025-06-25T16:03:18+00:00\" \/>\n<meta property=\"og:image\" content=\"https:\/\/atdi-grupo.com\/wp-content\/uploads\/Group-69-scaled.webp\" \/>\n\t<meta property=\"og:image:width\" content=\"2560\" \/>\n\t<meta property=\"og:image:height\" content=\"898\" \/>\n\t<meta property=\"og:image:type\" content=\"image\/webp\" \/>\n<meta name=\"twitter:card\" content=\"summary_large_image\" \/>\n<meta name=\"twitter:label1\" content=\"Tempo estimado de leitura\" \/>\n\t<meta name=\"twitter:data1\" content=\"2 minutos\" \/>\n<script type=\"application\/ld+json\" class=\"yoast-schema-graph\">{\"@context\":\"https:\/\/schema.org\",\"@graph\":[{\"@type\":\"WebPage\",\"@id\":\"https:\/\/atdi-grupo.com\/pt-pt\/gestao-de-outros-activos-imobiliarios\/\",\"url\":\"https:\/\/atdi-grupo.com\/pt-pt\/gestao-de-outros-activos-imobiliarios\/\",\"name\":\"Gest\u00e3o de outros activos imobili\u00e1rios - Grupo ATDI\",\"isPartOf\":{\"@id\":\"https:\/\/atdi-grupo.com\/pt-pt\/#website\"},\"primaryImageOfPage\":{\"@id\":\"https:\/\/atdi-grupo.com\/pt-pt\/gestao-de-outros-activos-imobiliarios\/#primaryimage\"},\"image\":{\"@id\":\"https:\/\/atdi-grupo.com\/pt-pt\/gestao-de-outros-activos-imobiliarios\/#primaryimage\"},\"thumbnailUrl\":\"https:\/\/atdi-grupo.com\/wp-content\/uploads\/Group-69-scaled.webp\",\"datePublished\":\"2025-03-12T09:16:49+00:00\",\"dateModified\":\"2025-06-25T16:03:18+00:00\",\"breadcrumb\":{\"@id\":\"https:\/\/atdi-grupo.com\/pt-pt\/gestao-de-outros-activos-imobiliarios\/#breadcrumb\"},\"inLanguage\":\"pt-PT\",\"potentialAction\":[{\"@type\":\"ReadAction\",\"target\":[\"https:\/\/atdi-grupo.com\/pt-pt\/gestao-de-outros-activos-imobiliarios\/\"]}]},{\"@type\":\"ImageObject\",\"inLanguage\":\"pt-PT\",\"@id\":\"https:\/\/atdi-grupo.com\/pt-pt\/gestao-de-outros-activos-imobiliarios\/#primaryimage\",\"url\":\"https:\/\/atdi-grupo.com\/wp-content\/uploads\/Group-69-scaled.webp\",\"contentUrl\":\"https:\/\/atdi-grupo.com\/wp-content\/uploads\/Group-69-scaled.webp\"},{\"@type\":\"BreadcrumbList\",\"@id\":\"https:\/\/atdi-grupo.com\/pt-pt\/gestao-de-outros-activos-imobiliarios\/#breadcrumb\",\"itemListElement\":[{\"@type\":\"ListItem\",\"position\":1,\"name\":\"Inicio\",\"item\":\"https:\/\/atdi-grupo.com\/pt-pt\/\"},{\"@type\":\"ListItem\",\"position\":2,\"name\":\"Gest\u00e3o de outros activos imobili\u00e1rios\"}]},{\"@type\":\"WebSite\",\"@id\":\"https:\/\/atdi-grupo.com\/pt-pt\/#website\",\"url\":\"https:\/\/atdi-grupo.com\/pt-pt\/\",\"name\":\"Grupo ATDI\",\"description\":\"Soluciones inmobiliarias con impacto positivo\",\"potentialAction\":[{\"@type\":\"SearchAction\",\"target\":{\"@type\":\"EntryPoint\",\"urlTemplate\":\"https:\/\/atdi-grupo.com\/pt-pt\/?s={search_term_string}\"},\"query-input\":{\"@type\":\"PropertyValueSpecification\",\"valueRequired\":true,\"valueName\":\"search_term_string\"}}],\"inLanguage\":\"pt-PT\"}]}<\/script>\n<!-- \/ Yoast SEO plugin. -->","yoast_head_json":{"title":"Gest\u00e3o de outros activos imobili\u00e1rios - Grupo ATDI","robots":{"index":"index","follow":"follow","max-snippet":"max-snippet:-1","max-image-preview":"max-image-preview:large","max-video-preview":"max-video-preview:-1"},"canonical":"https:\/\/atdi-grupo.com\/pt-pt\/gestao-de-outros-activos-imobiliarios\/","og_locale":"pt_PT","og_type":"article","og_title":"Gest\u00e3o de outros activos imobili\u00e1rios - Grupo ATDI","og_description":"Volta atr\u00e1s Servi\u00e7os de log\u00edstica Em 2023, abrimos uma nova linha de neg\u00f3cio com a aquisi\u00e7\u00e3o da Improving, umaempresa l\u00edder em solu\u00e7\u00f5es log\u00edsticas na Comunidade Valenciana. Como acionistas,participamos ativamente na gest\u00e3o da empresa. Melhorar Descobre mais em https:\/\/improlog.com\/. A Improving oferece uma cobertura de 360\u00ba, com uma proposta de servi\u00e7os log\u00edsticos\u00e0 medida. A empresa integra [&hellip;]","og_url":"https:\/\/atdi-grupo.com\/pt-pt\/gestao-de-outros-activos-imobiliarios\/","og_site_name":"Grupo ATDI","article_modified_time":"2025-06-25T16:03:18+00:00","og_image":[{"width":2560,"height":898,"url":"https:\/\/atdi-grupo.com\/wp-content\/uploads\/Group-69-scaled.webp","type":"image\/webp"}],"twitter_card":"summary_large_image","twitter_misc":{"Tempo estimado de leitura":"2 minutos"},"schema":{"@context":"https:\/\/schema.org","@graph":[{"@type":"WebPage","@id":"https:\/\/atdi-grupo.com\/pt-pt\/gestao-de-outros-activos-imobiliarios\/","url":"https:\/\/atdi-grupo.com\/pt-pt\/gestao-de-outros-activos-imobiliarios\/","name":"Gest\u00e3o de outros activos imobili\u00e1rios - Grupo ATDI","isPartOf":{"@id":"https:\/\/atdi-grupo.com\/pt-pt\/#website"},"primaryImageOfPage":{"@id":"https:\/\/atdi-grupo.com\/pt-pt\/gestao-de-outros-activos-imobiliarios\/#primaryimage"},"image":{"@id":"https:\/\/atdi-grupo.com\/pt-pt\/gestao-de-outros-activos-imobiliarios\/#primaryimage"},"thumbnailUrl":"https:\/\/atdi-grupo.com\/wp-content\/uploads\/Group-69-scaled.webp","datePublished":"2025-03-12T09:16:49+00:00","dateModified":"2025-06-25T16:03:18+00:00","breadcrumb":{"@id":"https:\/\/atdi-grupo.com\/pt-pt\/gestao-de-outros-activos-imobiliarios\/#breadcrumb"},"inLanguage":"pt-PT","potentialAction":[{"@type":"ReadAction","target":["https:\/\/atdi-grupo.com\/pt-pt\/gestao-de-outros-activos-imobiliarios\/"]}]},{"@type":"ImageObject","inLanguage":"pt-PT","@id":"https:\/\/atdi-grupo.com\/pt-pt\/gestao-de-outros-activos-imobiliarios\/#primaryimage","url":"https:\/\/atdi-grupo.com\/wp-content\/uploads\/Group-69-scaled.webp","contentUrl":"https:\/\/atdi-grupo.com\/wp-content\/uploads\/Group-69-scaled.webp"},{"@type":"BreadcrumbList","@id":"https:\/\/atdi-grupo.com\/pt-pt\/gestao-de-outros-activos-imobiliarios\/#breadcrumb","itemListElement":[{"@type":"ListItem","position":1,"name":"Inicio","item":"https:\/\/atdi-grupo.com\/pt-pt\/"},{"@type":"ListItem","position":2,"name":"Gest\u00e3o de outros activos imobili\u00e1rios"}]},{"@type":"WebSite","@id":"https:\/\/atdi-grupo.com\/pt-pt\/#website","url":"https:\/\/atdi-grupo.com\/pt-pt\/","name":"Grupo ATDI","description":"Soluciones inmobiliarias con impacto positivo","potentialAction":[{"@type":"SearchAction","target":{"@type":"EntryPoint","urlTemplate":"https:\/\/atdi-grupo.com\/pt-pt\/?s={search_term_string}"},"query-input":{"@type":"PropertyValueSpecification","valueRequired":true,"valueName":"search_term_string"}}],"inLanguage":"pt-PT"}]}},"_links":{"self":[{"href":"https:\/\/atdi-grupo.com\/pt-pt\/wp-json\/wp\/v2\/pages\/1863","targetHints":{"allow":["GET"]}}],"collection":[{"href":"https:\/\/atdi-grupo.com\/pt-pt\/wp-json\/wp\/v2\/pages"}],"about":[{"href":"https:\/\/atdi-grupo.com\/pt-pt\/wp-json\/wp\/v2\/types\/page"}],"author":[{"embeddable":true,"href":"https:\/\/atdi-grupo.com\/pt-pt\/wp-json\/wp\/v2\/users\/1"}],"replies":[{"embeddable":true,"href":"https:\/\/atdi-grupo.com\/pt-pt\/wp-json\/wp\/v2\/comments?post=1863"}],"version-history":[{"count":7,"href":"https:\/\/atdi-grupo.com\/pt-pt\/wp-json\/wp\/v2\/pages\/1863\/revisions"}],"predecessor-version":[{"id":2327,"href":"https:\/\/atdi-grupo.com\/pt-pt\/wp-json\/wp\/v2\/pages\/1863\/revisions\/2327"}],"wp:attachment":[{"href":"https:\/\/atdi-grupo.com\/pt-pt\/wp-json\/wp\/v2\/media?parent=1863"}],"curies":[{"name":"wp","href":"https:\/\/api.w.org\/{rel}","templated":true}]}}