{"id":1851,"date":"2025-03-12T10:15:47","date_gmt":"2025-03-12T09:15:47","guid":{"rendered":"https:\/\/atdi-grupo.com\/desenvolvimentos-urbanos\/"},"modified":"2025-05-05T19:51:54","modified_gmt":"2025-05-05T19:51:54","slug":"desenvolvimentos-urbanos","status":"publish","type":"page","link":"https:\/\/atdi-grupo.com\/pt-pt\/desenvolvimentos-urbanos\/","title":{"rendered":"Desenvolvimentos urbanos"},"content":{"rendered":"\t\t<div data-elementor-type=\"wp-page\" data-elementor-id=\"1851\" class=\"elementor elementor-1851 elementor-284\" data-elementor-post-type=\"page\">\n\t\t\t\t<div class=\"elementor-element elementor-element-026af52 e-flex e-con-boxed e-con e-parent\" data-id=\"026af52\" data-element_type=\"container\" data-settings=\"{&quot;background_background&quot;:&quot;classic&quot;}\">\n\t\t\t\t\t<div class=\"e-con-inner\">\n\t\t<div class=\"elementor-element elementor-element-d151292 e-con-full e-flex e-con e-child\" data-id=\"d151292\" data-element_type=\"container\">\n\t\t<div class=\"elementor-element elementor-element-a0ed303 e-con-full e-flex e-con e-child\" data-id=\"a0ed303\" data-element_type=\"container\">\n\t\t\t\t<div class=\"elementor-element elementor-element-3fe94a6 elementor-widget elementor-widget-button\" data-id=\"3fe94a6\" data-element_type=\"widget\" data-widget_type=\"button.default\">\n\t\t\t\t<div class=\"elementor-widget-container\">\n\t\t\t\t\t\t\t\t\t<div class=\"elementor-button-wrapper\">\n\t\t\t\t\t<a class=\"elementor-button elementor-button-link elementor-size-sm\" href=\"https:\/\/atdi-grupo.com\/pt-pt\/a-nossa-empresa\/\">\n\t\t\t\t\t\t<span class=\"elementor-button-content-wrapper\">\n\t\t\t\t\t\t<span class=\"elementor-button-icon\">\n\t\t\t\t<svg aria-hidden=\"true\" class=\"e-font-icon-svg e-fas-arrow-left\" viewBox=\"0 0 448 512\" xmlns=\"http:\/\/www.w3.org\/2000\/svg\"><path d=\"M257.5 445.1l-22.2 22.2c-9.4 9.4-24.6 9.4-33.9 0L7 273c-9.4-9.4-9.4-24.6 0-33.9L201.4 44.7c9.4-9.4 24.6-9.4 33.9 0l22.2 22.2c9.5 9.5 9.3 25-.4 34.3L136.6 216H424c13.3 0 24 10.7 24 24v32c0 13.3-10.7 24-24 24H136.6l120.5 114.8c9.8 9.3 10 24.8.4 34.3z\"><\/path><\/svg>\t\t\t<\/span>\n\t\t\t\t\t\t\t\t\t<span class=\"elementor-button-text\">Volta atr\u00e1s<\/span>\n\t\t\t\t\t<\/span>\n\t\t\t\t\t<\/a>\n\t\t\t\t<\/div>\n\t\t\t\t\t\t\t\t<\/div>\n\t\t\t\t<\/div>\n\t\t\t\t<div class=\"elementor-element elementor-element-94e74e8 elementor-widget__width-initial elementor-widget elementor-widget-heading\" data-id=\"94e74e8\" data-element_type=\"widget\" data-widget_type=\"heading.default\">\n\t\t\t\t<div class=\"elementor-widget-container\">\n\t\t\t\t\t<h2 class=\"elementor-heading-title elementor-size-default\">Desenvolvimentos urbanos<\/h2>\t\t\t\t<\/div>\n\t\t\t\t<\/div>\n\t\t\t\t<\/div>\n\t\t\t\t<div class=\"elementor-element elementor-element-c2ef570 elementor-widget__width-initial elementor-widget elementor-widget-text-editor\" data-id=\"c2ef570\" data-element_type=\"widget\" data-widget_type=\"text-editor.default\">\n\t\t\t\t<div class=\"elementor-widget-container\">\n\t\t\t\t\t\t\t\t\t<p class=\"p1\">Os desenvolvimentos urbanos permitem criar um banco de terrenos para os futuros projetos de Promo\u00e7\u00e3o. De uma forma geral, trata-se de projetos de longo prazo, nos quais procuramos multiplicadores de investimento elevados, com a incerteza nos prazos de execu\u00e7\u00e3o.<\/p>\t\t\t\t\t\t\t\t<\/div>\n\t\t\t\t<\/div>\n\t\t\t\t<\/div>\n\t\t\t\t<div class=\"elementor-element elementor-element-747b5c4 elementor-widget-divider--view-line elementor-widget elementor-widget-divider\" data-id=\"747b5c4\" data-element_type=\"widget\" data-widget_type=\"divider.default\">\n\t\t\t\t<div class=\"elementor-widget-container\">\n\t\t\t\t\t\t\t<div class=\"elementor-divider\">\n\t\t\t<span class=\"elementor-divider-separator\">\n\t\t\t\t\t\t<\/span>\n\t\t<\/div>\n\t\t\t\t\t\t<\/div>\n\t\t\t\t<\/div>\n\t\t\t\t\t<\/div>\n\t\t\t\t<\/div>\n\t\t<div class=\"elementor-element elementor-element-1accc9d e-flex e-con-boxed e-con e-parent\" data-id=\"1accc9d\" data-element_type=\"container\">\n\t\t\t\t\t<div class=\"e-con-inner\">\n\t\t\t\t<div class=\"elementor-element elementor-element-9d2a9a0 elementor-widget elementor-widget-image\" data-id=\"9d2a9a0\" data-element_type=\"widget\" data-widget_type=\"image.default\">\n\t\t\t\t<div class=\"elementor-widget-container\">\n\t\t\t\t\t\t\t\t\t\t\t\t\t\t\t<img fetchpriority=\"high\" decoding=\"async\" width=\"2560\" height=\"1011\" src=\"https:\/\/atdi-grupo.com\/wp-content\/uploads\/Group-67-1-scaled.webp\" class=\"attachment-full size-full wp-image-1774\" alt=\"\" srcset=\"https:\/\/atdi-grupo.com\/wp-content\/uploads\/Group-67-1-scaled.webp 2560w, https:\/\/atdi-grupo.com\/wp-content\/uploads\/Group-67-1-768x303.webp 768w, https:\/\/atdi-grupo.com\/wp-content\/uploads\/Group-67-1-1536x607.webp 1536w, https:\/\/atdi-grupo.com\/wp-content\/uploads\/Group-67-1-2048x809.webp 2048w\" sizes=\"(max-width: 2560px) 100vw, 2560px\" \/>\t\t\t\t\t\t\t\t\t\t\t\t\t\t\t<\/div>\n\t\t\t\t<\/div>\n\t\t\t\t\t<\/div>\n\t\t\t\t<\/div>\n\t\t<div class=\"elementor-element elementor-element-b1f0c68 e-flex e-con-boxed e-con e-parent\" data-id=\"b1f0c68\" data-element_type=\"container\">\n\t\t\t\t\t<div class=\"e-con-inner\">\n\t\t\t\t<div class=\"elementor-element elementor-element-31881c2 elementor-widget elementor-widget-heading\" data-id=\"31881c2\" data-element_type=\"widget\" data-widget_type=\"heading.default\">\n\t\t\t\t<div class=\"elementor-widget-container\">\n\t\t\t\t\t<h2 class=\"elementor-heading-title elementor-size-default\">Desenvolvimentos urbanos<\/h2>\t\t\t\t<\/div>\n\t\t\t\t<\/div>\n\t\t\t\t<div class=\"elementor-element elementor-element-f2c75b1 elementor-widget-divider--view-line elementor-widget elementor-widget-divider\" data-id=\"f2c75b1\" data-element_type=\"widget\" data-widget_type=\"divider.default\">\n\t\t\t\t<div class=\"elementor-widget-container\">\n\t\t\t\t\t\t\t<div class=\"elementor-divider\">\n\t\t\t<span class=\"elementor-divider-separator\">\n\t\t\t\t\t\t<\/span>\n\t\t<\/div>\n\t\t\t\t\t\t<\/div>\n\t\t\t\t<\/div>\n\t\t\t\t\t<\/div>\n\t\t\t\t<\/div>\n\t\t<div class=\"elementor-element elementor-element-391846d e-flex e-con-boxed e-con e-parent\" data-id=\"391846d\" data-element_type=\"container\">\n\t\t\t\t\t<div class=\"e-con-inner\">\n\t\t<div class=\"elementor-element elementor-element-0254239 e-con-full e-flex e-con e-child\" data-id=\"0254239\" data-element_type=\"container\">\n\t\t\t\t<div class=\"elementor-element elementor-element-73a7196 elementor-widget elementor-widget-heading\" data-id=\"73a7196\" data-element_type=\"widget\" data-widget_type=\"heading.default\">\n\t\t\t\t<div class=\"elementor-widget-container\">\n\t\t\t\t\t<h4 class=\"elementor-heading-title elementor-size-default\">Principais caracter\u00edsticas<\/h4>\t\t\t\t<\/div>\n\t\t\t\t<\/div>\n\t\t\t\t<div class=\"elementor-element elementor-element-80c4ebf elementor-icon-list--layout-traditional elementor-list-item-link-full_width elementor-widget elementor-widget-icon-list\" data-id=\"80c4ebf\" data-element_type=\"widget\" data-widget_type=\"icon-list.default\">\n\t\t\t\t<div class=\"elementor-widget-container\">\n\t\t\t\t\t\t\t<ul class=\"elementor-icon-list-items\">\n\t\t\t\t\t\t\t<li class=\"elementor-icon-list-item\">\n\t\t\t\t\t\t\t\t\t\t<span class=\"elementor-icon-list-text\"><div class=\"carat-list\"><span style=\"font-weight:bold;margin-right:40px\">1.<\/span>Investimento em grandes dom\u00ednios de gest\u00e3o, geralmente superiores a 100000m2 de cobertura<\/div><\/span>\n\t\t\t\t\t\t\t\t\t<\/li>\n\t\t\t\t\t\t\t\t<li class=\"elementor-icon-list-item\">\n\t\t\t\t\t\t\t\t\t\t<span class=\"elementor-icon-list-text\"><div class=\"carat-list\"><span style=\"font-weight:bold;margin-right:40px\">2.<\/span>Concentramo-nos em locais primecom um elevado potencial de crescimento<\/div><\/span>\n\t\t\t\t\t\t\t\t\t<\/li>\n\t\t\t\t\t\t\t\t<li class=\"elementor-icon-list-item\">\n\t\t\t\t\t\t\t\t\t\t<span class=\"elementor-icon-list-text\"><div class=\"carat-list\"><span style=\"font-weight:bold;margin-right:40px\">3.<\/span>Estrat\u00e9gia clara de controlo e gest\u00e3o do \u00e2mbito<\/div><\/span>\n\t\t\t\t\t\t\t\t\t<\/li>\n\t\t\t\t\t\t<\/ul>\n\t\t\t\t\t\t<\/div>\n\t\t\t\t<\/div>\n\t\t\t\t<\/div>\n\t\t<div class=\"elementor-element elementor-element-5f2fe2c e-con-full e-flex e-con e-child\" data-id=\"5f2fe2c\" data-element_type=\"container\">\n\t\t\t\t<div class=\"elementor-element elementor-element-ae0cfb6 elementor-widget elementor-widget-image\" data-id=\"ae0cfb6\" data-element_type=\"widget\" data-widget_type=\"image.default\">\n\t\t\t\t<div class=\"elementor-widget-container\">\n\t\t\t\t\t\t\t\t\t\t\t\t\t\t\t<img decoding=\"async\" width=\"1920\" height=\"2092\" src=\"https:\/\/atdi-grupo.com\/wp-content\/uploads\/17038EP01-01-R\u00a1o-03_SELLO-MOD-Recuperado.webp\" class=\"attachment-full size-full wp-image-1708\" alt=\"\" srcset=\"https:\/\/atdi-grupo.com\/wp-content\/uploads\/17038EP01-01-R\u00a1o-03_SELLO-MOD-Recuperado.webp 1920w, https:\/\/atdi-grupo.com\/wp-content\/uploads\/17038EP01-01-R\u00a1o-03_SELLO-MOD-Recuperado-768x837.webp 768w, https:\/\/atdi-grupo.com\/wp-content\/uploads\/17038EP01-01-R\u00a1o-03_SELLO-MOD-Recuperado-1410x1536.webp 1410w, https:\/\/atdi-grupo.com\/wp-content\/uploads\/17038EP01-01-R\u00a1o-03_SELLO-MOD-Recuperado-1880x2048.webp 1880w\" sizes=\"(max-width: 1920px) 100vw, 1920px\" \/>\t\t\t\t\t\t\t\t\t\t\t\t\t\t\t<\/div>\n\t\t\t\t<\/div>\n\t\t\t\t<\/div>\n\t\t\t\t\t<\/div>\n\t\t\t\t<\/div>\n\t\t\t\t<\/div>\n\t\t","protected":false},"excerpt":{"rendered":"<p>Volta atr\u00e1s Desenvolvimentos urbanos Os desenvolvimentos urbanos permitem criar um banco de terrenos para os futuros projetos de Promo\u00e7\u00e3o. De uma forma geral, trata-se de projetos de longo prazo, nos quais procuramos multiplicadores de investimento elevados, com a incerteza nos prazos de execu\u00e7\u00e3o. Desenvolvimentos urbanos Principais caracter\u00edsticas 1.Investimento em grandes dom\u00ednios de gest\u00e3o, geralmente superiores [&hellip;]<\/p>\n","protected":false},"author":1,"featured_media":0,"parent":0,"menu_order":0,"comment_status":"closed","ping_status":"closed","template":"","meta":{"_acf_changed":false,"footnotes":""},"class_list":["post-1851","page","type-page","status-publish","hentry"],"acf":[],"yoast_head":"<!-- This site is optimized with the Yoast SEO plugin v27.0 - https:\/\/yoast.com\/product\/yoast-seo-wordpress\/ -->\n<title>Desenvolvimentos urbanos - Grupo ATDI<\/title>\n<meta name=\"robots\" content=\"index, follow, max-snippet:-1, max-image-preview:large, max-video-preview:-1\" \/>\n<link rel=\"canonical\" href=\"https:\/\/atdi-grupo.com\/pt-pt\/desenvolvimentos-urbanos\/\" \/>\n<meta property=\"og:locale\" content=\"pt_PT\" \/>\n<meta property=\"og:type\" content=\"article\" \/>\n<meta property=\"og:title\" content=\"Desenvolvimentos urbanos - Grupo ATDI\" \/>\n<meta property=\"og:description\" content=\"Volta atr\u00e1s Desenvolvimentos urbanos Os desenvolvimentos urbanos permitem criar um banco de terrenos para os futuros projetos de Promo\u00e7\u00e3o. De uma forma geral, trata-se de projetos de longo prazo, nos quais procuramos multiplicadores de investimento elevados, com a incerteza nos prazos de execu\u00e7\u00e3o. Desenvolvimentos urbanos Principais caracter\u00edsticas 1.Investimento em grandes dom\u00ednios de gest\u00e3o, geralmente superiores [&hellip;]\" \/>\n<meta property=\"og:url\" content=\"https:\/\/atdi-grupo.com\/pt-pt\/desenvolvimentos-urbanos\/\" \/>\n<meta property=\"og:site_name\" content=\"Grupo ATDI\" \/>\n<meta property=\"article:modified_time\" content=\"2025-05-05T19:51:54+00:00\" \/>\n<meta property=\"og:image\" content=\"https:\/\/atdi-grupo.com\/wp-content\/uploads\/Group-67-1-scaled.webp\" \/>\n\t<meta property=\"og:image:width\" content=\"2560\" \/>\n\t<meta property=\"og:image:height\" content=\"1011\" \/>\n\t<meta property=\"og:image:type\" content=\"image\/webp\" \/>\n<meta name=\"twitter:card\" content=\"summary_large_image\" \/>\n<meta name=\"twitter:label1\" content=\"Tempo estimado de leitura\" \/>\n\t<meta name=\"twitter:data1\" content=\"1 minuto\" \/>\n<script type=\"application\/ld+json\" class=\"yoast-schema-graph\">{\"@context\":\"https:\/\/schema.org\",\"@graph\":[{\"@type\":\"WebPage\",\"@id\":\"https:\/\/atdi-grupo.com\/pt-pt\/desenvolvimentos-urbanos\/\",\"url\":\"https:\/\/atdi-grupo.com\/pt-pt\/desenvolvimentos-urbanos\/\",\"name\":\"Desenvolvimentos urbanos - Grupo ATDI\",\"isPartOf\":{\"@id\":\"https:\/\/atdi-grupo.com\/pt-pt\/#website\"},\"primaryImageOfPage\":{\"@id\":\"https:\/\/atdi-grupo.com\/pt-pt\/desenvolvimentos-urbanos\/#primaryimage\"},\"image\":{\"@id\":\"https:\/\/atdi-grupo.com\/pt-pt\/desenvolvimentos-urbanos\/#primaryimage\"},\"thumbnailUrl\":\"https:\/\/atdi-grupo.com\/wp-content\/uploads\/Group-67-1-scaled.webp\",\"datePublished\":\"2025-03-12T09:15:47+00:00\",\"dateModified\":\"2025-05-05T19:51:54+00:00\",\"breadcrumb\":{\"@id\":\"https:\/\/atdi-grupo.com\/pt-pt\/desenvolvimentos-urbanos\/#breadcrumb\"},\"inLanguage\":\"pt-PT\",\"potentialAction\":[{\"@type\":\"ReadAction\",\"target\":[\"https:\/\/atdi-grupo.com\/pt-pt\/desenvolvimentos-urbanos\/\"]}]},{\"@type\":\"ImageObject\",\"inLanguage\":\"pt-PT\",\"@id\":\"https:\/\/atdi-grupo.com\/pt-pt\/desenvolvimentos-urbanos\/#primaryimage\",\"url\":\"https:\/\/atdi-grupo.com\/wp-content\/uploads\/Group-67-1-scaled.webp\",\"contentUrl\":\"https:\/\/atdi-grupo.com\/wp-content\/uploads\/Group-67-1-scaled.webp\"},{\"@type\":\"BreadcrumbList\",\"@id\":\"https:\/\/atdi-grupo.com\/pt-pt\/desenvolvimentos-urbanos\/#breadcrumb\",\"itemListElement\":[{\"@type\":\"ListItem\",\"position\":1,\"name\":\"Inicio\",\"item\":\"https:\/\/atdi-grupo.com\/pt-pt\/\"},{\"@type\":\"ListItem\",\"position\":2,\"name\":\"Desenvolvimentos urbanos\"}]},{\"@type\":\"WebSite\",\"@id\":\"https:\/\/atdi-grupo.com\/pt-pt\/#website\",\"url\":\"https:\/\/atdi-grupo.com\/pt-pt\/\",\"name\":\"Grupo ATDI\",\"description\":\"Soluciones inmobiliarias con impacto positivo\",\"potentialAction\":[{\"@type\":\"SearchAction\",\"target\":{\"@type\":\"EntryPoint\",\"urlTemplate\":\"https:\/\/atdi-grupo.com\/pt-pt\/?s={search_term_string}\"},\"query-input\":{\"@type\":\"PropertyValueSpecification\",\"valueRequired\":true,\"valueName\":\"search_term_string\"}}],\"inLanguage\":\"pt-PT\"}]}<\/script>\n<!-- \/ Yoast SEO plugin. -->","yoast_head_json":{"title":"Desenvolvimentos urbanos - Grupo ATDI","robots":{"index":"index","follow":"follow","max-snippet":"max-snippet:-1","max-image-preview":"max-image-preview:large","max-video-preview":"max-video-preview:-1"},"canonical":"https:\/\/atdi-grupo.com\/pt-pt\/desenvolvimentos-urbanos\/","og_locale":"pt_PT","og_type":"article","og_title":"Desenvolvimentos urbanos - Grupo ATDI","og_description":"Volta atr\u00e1s Desenvolvimentos urbanos Os desenvolvimentos urbanos permitem criar um banco de terrenos para os futuros projetos de Promo\u00e7\u00e3o. De uma forma geral, trata-se de projetos de longo prazo, nos quais procuramos multiplicadores de investimento elevados, com a incerteza nos prazos de execu\u00e7\u00e3o. Desenvolvimentos urbanos Principais caracter\u00edsticas 1.Investimento em grandes dom\u00ednios de gest\u00e3o, geralmente superiores [&hellip;]","og_url":"https:\/\/atdi-grupo.com\/pt-pt\/desenvolvimentos-urbanos\/","og_site_name":"Grupo ATDI","article_modified_time":"2025-05-05T19:51:54+00:00","og_image":[{"width":2560,"height":1011,"url":"https:\/\/atdi-grupo.com\/wp-content\/uploads\/Group-67-1-scaled.webp","type":"image\/webp"}],"twitter_card":"summary_large_image","twitter_misc":{"Tempo estimado de leitura":"1 minuto"},"schema":{"@context":"https:\/\/schema.org","@graph":[{"@type":"WebPage","@id":"https:\/\/atdi-grupo.com\/pt-pt\/desenvolvimentos-urbanos\/","url":"https:\/\/atdi-grupo.com\/pt-pt\/desenvolvimentos-urbanos\/","name":"Desenvolvimentos urbanos - Grupo ATDI","isPartOf":{"@id":"https:\/\/atdi-grupo.com\/pt-pt\/#website"},"primaryImageOfPage":{"@id":"https:\/\/atdi-grupo.com\/pt-pt\/desenvolvimentos-urbanos\/#primaryimage"},"image":{"@id":"https:\/\/atdi-grupo.com\/pt-pt\/desenvolvimentos-urbanos\/#primaryimage"},"thumbnailUrl":"https:\/\/atdi-grupo.com\/wp-content\/uploads\/Group-67-1-scaled.webp","datePublished":"2025-03-12T09:15:47+00:00","dateModified":"2025-05-05T19:51:54+00:00","breadcrumb":{"@id":"https:\/\/atdi-grupo.com\/pt-pt\/desenvolvimentos-urbanos\/#breadcrumb"},"inLanguage":"pt-PT","potentialAction":[{"@type":"ReadAction","target":["https:\/\/atdi-grupo.com\/pt-pt\/desenvolvimentos-urbanos\/"]}]},{"@type":"ImageObject","inLanguage":"pt-PT","@id":"https:\/\/atdi-grupo.com\/pt-pt\/desenvolvimentos-urbanos\/#primaryimage","url":"https:\/\/atdi-grupo.com\/wp-content\/uploads\/Group-67-1-scaled.webp","contentUrl":"https:\/\/atdi-grupo.com\/wp-content\/uploads\/Group-67-1-scaled.webp"},{"@type":"BreadcrumbList","@id":"https:\/\/atdi-grupo.com\/pt-pt\/desenvolvimentos-urbanos\/#breadcrumb","itemListElement":[{"@type":"ListItem","position":1,"name":"Inicio","item":"https:\/\/atdi-grupo.com\/pt-pt\/"},{"@type":"ListItem","position":2,"name":"Desenvolvimentos urbanos"}]},{"@type":"WebSite","@id":"https:\/\/atdi-grupo.com\/pt-pt\/#website","url":"https:\/\/atdi-grupo.com\/pt-pt\/","name":"Grupo ATDI","description":"Soluciones inmobiliarias con impacto positivo","potentialAction":[{"@type":"SearchAction","target":{"@type":"EntryPoint","urlTemplate":"https:\/\/atdi-grupo.com\/pt-pt\/?s={search_term_string}"},"query-input":{"@type":"PropertyValueSpecification","valueRequired":true,"valueName":"search_term_string"}}],"inLanguage":"pt-PT"}]}},"_links":{"self":[{"href":"https:\/\/atdi-grupo.com\/pt-pt\/wp-json\/wp\/v2\/pages\/1851","targetHints":{"allow":["GET"]}}],"collection":[{"href":"https:\/\/atdi-grupo.com\/pt-pt\/wp-json\/wp\/v2\/pages"}],"about":[{"href":"https:\/\/atdi-grupo.com\/pt-pt\/wp-json\/wp\/v2\/types\/page"}],"author":[{"embeddable":true,"href":"https:\/\/atdi-grupo.com\/pt-pt\/wp-json\/wp\/v2\/users\/1"}],"replies":[{"embeddable":true,"href":"https:\/\/atdi-grupo.com\/pt-pt\/wp-json\/wp\/v2\/comments?post=1851"}],"version-history":[{"count":4,"href":"https:\/\/atdi-grupo.com\/pt-pt\/wp-json\/wp\/v2\/pages\/1851\/revisions"}],"predecessor-version":[{"id":2164,"href":"https:\/\/atdi-grupo.com\/pt-pt\/wp-json\/wp\/v2\/pages\/1851\/revisions\/2164"}],"wp:attachment":[{"href":"https:\/\/atdi-grupo.com\/pt-pt\/wp-json\/wp\/v2\/media?parent=1851"}],"curies":[{"name":"wp","href":"https:\/\/api.w.org\/{rel}","templated":true}]}}