{"id":1837,"date":"2025-02-02T21:06:01","date_gmt":"2025-02-02T20:06:01","guid":{"rendered":"https:\/\/atdi-grupo.com\/estrategia\/"},"modified":"2025-05-05T19:57:31","modified_gmt":"2025-05-05T19:57:31","slug":"estrategia","status":"publish","type":"page","link":"https:\/\/atdi-grupo.com\/pt-pt\/estrategia\/","title":{"rendered":"Estrat\u00e9gia"},"content":{"rendered":"\t\t<div data-elementor-type=\"wp-page\" data-elementor-id=\"1837\" class=\"elementor elementor-1837 elementor-32\" data-elementor-post-type=\"page\">\n\t\t\t\t<div class=\"elementor-element elementor-element-5151ea4 e-flex e-con-boxed e-con e-parent\" data-id=\"5151ea4\" data-element_type=\"container\" data-settings=\"{&quot;background_background&quot;:&quot;classic&quot;}\">\n\t\t\t\t\t<div class=\"e-con-inner\">\n\t\t<div class=\"elementor-element elementor-element-f852cdf e-con-full e-flex e-con e-child\" data-id=\"f852cdf\" data-element_type=\"container\">\n\t\t\t\t<div class=\"elementor-element elementor-element-2f16243 elementor-widget__width-initial elementor-widget elementor-widget-heading\" data-id=\"2f16243\" data-element_type=\"widget\" data-widget_type=\"heading.default\">\n\t\t\t\t<div class=\"elementor-widget-container\">\n\t\t\t\t\t<h2 class=\"elementor-heading-title elementor-size-default\">Estrat\u00e9gia<\/h2>\t\t\t\t<\/div>\n\t\t\t\t<\/div>\n\t\t\t\t<div class=\"elementor-element elementor-element-8668c8a elementor-widget__width-initial elementor-widget elementor-widget-text-editor\" data-id=\"8668c8a\" data-element_type=\"widget\" data-widget_type=\"text-editor.default\">\n\t\t\t\t<div class=\"elementor-widget-container\">\n\t\t\t\t\t\t\t\t\t<p>A prioridade da ATDI \u00e9 a valoriza\u00e7\u00e3o respons\u00e1vel de cada uma das opera\u00e7\u00f5es e \u00e1reas do setor imobili\u00e1rio. Para o efeito, baseamo-nos nos quatro pilares da nossa estrat\u00e9gia.<\/p>\t\t\t\t\t\t\t\t<\/div>\n\t\t\t\t<\/div>\n\t\t\t\t<\/div>\n\t\t\t\t<div class=\"elementor-element elementor-element-0ac1824 elementor-widget-divider--view-line elementor-widget elementor-widget-divider\" data-id=\"0ac1824\" data-element_type=\"widget\" data-widget_type=\"divider.default\">\n\t\t\t\t<div class=\"elementor-widget-container\">\n\t\t\t\t\t\t\t<div class=\"elementor-divider\">\n\t\t\t<span class=\"elementor-divider-separator\">\n\t\t\t\t\t\t<\/span>\n\t\t<\/div>\n\t\t\t\t\t\t<\/div>\n\t\t\t\t<\/div>\n\t\t\t\t\t<\/div>\n\t\t\t\t<\/div>\n\t\t<div class=\"elementor-element elementor-element-c0f6649 e-flex e-con-boxed e-con e-parent\" data-id=\"c0f6649\" data-element_type=\"container\">\n\t\t\t\t\t<div class=\"e-con-inner\">\n\t\t\t\t<div class=\"elementor-element elementor-element-a1f704b elementor-widget elementor-widget-image\" data-id=\"a1f704b\" data-element_type=\"widget\" data-widget_type=\"image.default\">\n\t\t\t\t<div class=\"elementor-widget-container\">\n\t\t\t\t\t\t\t\t\t\t\t\t\t\t\t<img fetchpriority=\"high\" decoding=\"async\" width=\"1820\" height=\"452\" src=\"https:\/\/atdi-grupo.com\/wp-content\/uploads\/banner-atdi-estrategia.jpg\" class=\"attachment-full size-full wp-image-1566\" alt=\"\" srcset=\"https:\/\/atdi-grupo.com\/wp-content\/uploads\/banner-atdi-estrategia.jpg 1820w, https:\/\/atdi-grupo.com\/wp-content\/uploads\/banner-atdi-estrategia-768x191.jpg 768w, https:\/\/atdi-grupo.com\/wp-content\/uploads\/banner-atdi-estrategia-1536x381.jpg 1536w\" sizes=\"(max-width: 1820px) 100vw, 1820px\" \/>\t\t\t\t\t\t\t\t\t\t\t\t\t\t\t<\/div>\n\t\t\t\t<\/div>\n\t\t\t\t\t<\/div>\n\t\t\t\t<\/div>\n\t\t<div class=\"elementor-element elementor-element-05a2503 e-flex e-con-boxed e-con e-parent\" data-id=\"05a2503\" data-element_type=\"container\">\n\t\t\t\t\t<div class=\"e-con-inner\">\n\t\t<div class=\"elementor-element elementor-element-7e00b7f e-con-full e-flex e-con e-child\" data-id=\"7e00b7f\" data-element_type=\"container\">\n\t\t\t\t<div class=\"elementor-element elementor-element-c49724c elementor-widget__width-initial elementor-widget elementor-widget-heading\" data-id=\"c49724c\" data-element_type=\"widget\" data-widget_type=\"heading.default\">\n\t\t\t\t<div class=\"elementor-widget-container\">\n\t\t\t\t\t<h3 class=\"elementor-heading-title elementor-size-default\">Cria\u00e7\u00e3o respons\u00e1vel de valor a longo prazo<\/h3>\t\t\t\t<\/div>\n\t\t\t\t<\/div>\n\t\t\t\t<div class=\"elementor-element elementor-element-aec138a elementor-widget__width-initial elementor-widget elementor-widget-text-editor\" data-id=\"aec138a\" data-element_type=\"widget\" data-widget_type=\"text-editor.default\">\n\t\t\t\t<div class=\"elementor-widget-container\">\n\t\t\t\t\t\t\t\t\t<p>O nosso crescimento respeita a estrat\u00e9gia empresarial. O compromisso com a sociedade, o ambiente e as comunidades que impactamos com a nossa atividade est\u00e1 no nosso ADN.<\/p>\t\t\t\t\t\t\t\t<\/div>\n\t\t\t\t<\/div>\n\t\t\t\t<\/div>\n\t\t\t\t<div class=\"elementor-element elementor-element-178913e elementor-widget-divider--view-line elementor-widget elementor-widget-divider\" data-id=\"178913e\" data-element_type=\"widget\" data-widget_type=\"divider.default\">\n\t\t\t\t<div class=\"elementor-widget-container\">\n\t\t\t\t\t\t\t<div class=\"elementor-divider\">\n\t\t\t<span class=\"elementor-divider-separator\">\n\t\t\t\t\t\t<\/span>\n\t\t<\/div>\n\t\t\t\t\t\t<\/div>\n\t\t\t\t<\/div>\n\t\t<div class=\"elementor-element elementor-element-0d9db7e e-con-full e-flex e-con e-child\" data-id=\"0d9db7e\" data-element_type=\"container\">\n\t\t\t\t<div class=\"elementor-element elementor-element-2ad7439 elementor-widget__width-initial elementor-widget elementor-widget-heading\" data-id=\"2ad7439\" data-element_type=\"widget\" data-widget_type=\"heading.default\">\n\t\t\t\t<div class=\"elementor-widget-container\">\n\t\t\t\t\t<h3 class=\"elementor-heading-title elementor-size-default\">Impulsionamos o setor com opera\u00e7\u00f5es de valor acrescentado<\/h3>\t\t\t\t<\/div>\n\t\t\t\t<\/div>\n\t\t\t\t<div class=\"elementor-element elementor-element-3561762 elementor-widget__width-initial elementor-widget elementor-widget-text-editor\" data-id=\"3561762\" data-element_type=\"widget\" data-widget_type=\"text-editor.default\">\n\t\t\t\t<div class=\"elementor-widget-container\">\n\t\t\t\t\t\t\t\t\t<p>Incentivamos a especializa\u00e7\u00e3o das nossas equipas em cada uma das \u00e1reas de neg\u00f3cio, para criar o valor m\u00e1ximo nos diferentes segmentos e elos da cadeia de valor deste setor.<\/p>\t\t\t\t\t\t\t\t<\/div>\n\t\t\t\t<\/div>\n\t\t\t\t<\/div>\n\t\t\t\t<div class=\"elementor-element elementor-element-95a97c9 elementor-widget-divider--view-line elementor-widget elementor-widget-divider\" data-id=\"95a97c9\" data-element_type=\"widget\" data-widget_type=\"divider.default\">\n\t\t\t\t<div class=\"elementor-widget-container\">\n\t\t\t\t\t\t\t<div class=\"elementor-divider\">\n\t\t\t<span class=\"elementor-divider-separator\">\n\t\t\t\t\t\t<\/span>\n\t\t<\/div>\n\t\t\t\t\t\t<\/div>\n\t\t\t\t<\/div>\n\t\t<div class=\"elementor-element elementor-element-62e8910 e-con-full e-flex e-con e-child\" data-id=\"62e8910\" data-element_type=\"container\">\n\t\t\t\t<div class=\"elementor-element elementor-element-0608b15 elementor-widget__width-initial elementor-widget elementor-widget-heading\" data-id=\"0608b15\" data-element_type=\"widget\" data-widget_type=\"heading.default\">\n\t\t\t\t<div class=\"elementor-widget-container\">\n\t\t\t\t\t<h3 class=\"elementor-heading-title elementor-size-default\">Constru\u00edmos rela\u00e7\u00f5es de confian\u00e7a e duradouras com os nossos parceiros<\/h3>\t\t\t\t<\/div>\n\t\t\t\t<\/div>\n\t\t\t\t<div class=\"elementor-element elementor-element-ba5ccfb elementor-widget__width-initial elementor-widget elementor-widget-text-editor\" data-id=\"ba5ccfb\" data-element_type=\"widget\" data-widget_type=\"text-editor.default\">\n\t\t\t\t<div class=\"elementor-widget-container\">\n\t\t\t\t\t\t\t\t\t<p>Para n\u00f3s, a rela\u00e7\u00e3o com os parceiros e as partes interessadas no nosso meio \u00e9 uma prioridade. Todos contribu\u00edram substancialmente para o nosso crescimento e consolida\u00e7\u00e3o enquanto grupo.<\/p>\t\t\t\t\t\t\t\t<\/div>\n\t\t\t\t<\/div>\n\t\t\t\t<\/div>\n\t\t\t\t<div class=\"elementor-element elementor-element-c17ae17 elementor-widget-divider--view-line elementor-widget elementor-widget-divider\" data-id=\"c17ae17\" data-element_type=\"widget\" data-widget_type=\"divider.default\">\n\t\t\t\t<div class=\"elementor-widget-container\">\n\t\t\t\t\t\t\t<div class=\"elementor-divider\">\n\t\t\t<span class=\"elementor-divider-separator\">\n\t\t\t\t\t\t<\/span>\n\t\t<\/div>\n\t\t\t\t\t\t<\/div>\n\t\t\t\t<\/div>\n\t\t<div class=\"elementor-element elementor-element-96c8578 e-con-full e-flex e-con e-child\" data-id=\"96c8578\" data-element_type=\"container\">\n\t\t\t\t<div class=\"elementor-element elementor-element-fc47d77 elementor-widget__width-initial elementor-widget elementor-widget-heading\" data-id=\"fc47d77\" data-element_type=\"widget\" data-widget_type=\"heading.default\">\n\t\t\t\t<div class=\"elementor-widget-container\">\n\t\t\t\t\t<h3 class=\"elementor-heading-title elementor-size-default\">Solidez financeira e excel\u00eancia na gest\u00e3o<\/h3>\t\t\t\t<\/div>\n\t\t\t\t<\/div>\n\t\t\t\t<div class=\"elementor-element elementor-element-fdf3c92 elementor-widget__width-initial elementor-widget elementor-widget-text-editor\" data-id=\"fdf3c92\" data-element_type=\"widget\" data-widget_type=\"text-editor.default\">\n\t\t\t\t<div class=\"elementor-widget-container\">\n\t\t\t\t\t\t\t\t\t<p>Dispomos de umaequipa multidisciplinar altamente qualificada e experiente, o que nos permite procurar a excel\u00eancia em tudo o que fazemos.Dispomos de um balan\u00e7o s\u00f3lido sobre o qual podemos construir o futuro.<\/p>\t\t\t\t\t\t\t\t<\/div>\n\t\t\t\t<\/div>\n\t\t\t\t<\/div>\n\t\t\t\t\t<\/div>\n\t\t\t\t<\/div>\n\t\t<div class=\"elementor-element elementor-element-dfe78a4 e-flex e-con-boxed e-con e-parent\" data-id=\"dfe78a4\" data-element_type=\"container\" data-settings=\"{&quot;background_background&quot;:&quot;classic&quot;}\">\n\t\t\t\t\t<div class=\"e-con-inner\">\n\t\t\t\t<div class=\"elementor-element elementor-element-8416d53 elementor-widget__width-initial elementor-widget elementor-widget-heading\" data-id=\"8416d53\" data-element_type=\"widget\" data-widget_type=\"heading.default\">\n\t\t\t\t<div class=\"elementor-widget-container\">\n\t\t\t\t\t<h2 class=\"elementor-heading-title elementor-size-default\">ATDI \u00e9 um dos grupos imobili\u00e1rios mais din\u00e2micos de Espanha e Portugal.<\/h2>\t\t\t\t<\/div>\n\t\t\t\t<\/div>\n\t\t\t\t\t<\/div>\n\t\t\t\t<\/div>\n\t\t\t\t<\/div>\n\t\t","protected":false},"excerpt":{"rendered":"<p>Estrat\u00e9gia A prioridade da ATDI \u00e9 a valoriza\u00e7\u00e3o respons\u00e1vel de cada uma das opera\u00e7\u00f5es e \u00e1reas do setor imobili\u00e1rio. Para o efeito, baseamo-nos nos quatro pilares da nossa estrat\u00e9gia. Cria\u00e7\u00e3o respons\u00e1vel de valor a longo prazo O nosso crescimento respeita a estrat\u00e9gia empresarial. O compromisso com a sociedade, o ambiente e as comunidades que impactamos [&hellip;]<\/p>\n","protected":false},"author":1,"featured_media":0,"parent":0,"menu_order":0,"comment_status":"closed","ping_status":"closed","template":"","meta":{"_acf_changed":false,"footnotes":""},"class_list":["post-1837","page","type-page","status-publish","hentry"],"acf":[],"yoast_head":"<!-- This site is optimized with the Yoast SEO plugin v27.0 - https:\/\/yoast.com\/product\/yoast-seo-wordpress\/ -->\n<title>Estrat\u00e9gia - Grupo ATDI<\/title>\n<meta name=\"robots\" content=\"index, follow, max-snippet:-1, max-image-preview:large, max-video-preview:-1\" \/>\n<link rel=\"canonical\" href=\"https:\/\/atdi-grupo.com\/pt-pt\/estrategia\/\" \/>\n<meta property=\"og:locale\" content=\"pt_PT\" \/>\n<meta property=\"og:type\" content=\"article\" \/>\n<meta property=\"og:title\" content=\"Estrat\u00e9gia - Grupo ATDI\" \/>\n<meta property=\"og:description\" content=\"Estrat\u00e9gia A prioridade da ATDI \u00e9 a valoriza\u00e7\u00e3o respons\u00e1vel de cada uma das opera\u00e7\u00f5es e \u00e1reas do setor imobili\u00e1rio. Para o efeito, baseamo-nos nos quatro pilares da nossa estrat\u00e9gia. Cria\u00e7\u00e3o respons\u00e1vel de valor a longo prazo O nosso crescimento respeita a estrat\u00e9gia empresarial. O compromisso com a sociedade, o ambiente e as comunidades que impactamos [&hellip;]\" \/>\n<meta property=\"og:url\" content=\"https:\/\/atdi-grupo.com\/pt-pt\/estrategia\/\" \/>\n<meta property=\"og:site_name\" content=\"Grupo ATDI\" \/>\n<meta property=\"article:modified_time\" content=\"2025-05-05T19:57:31+00:00\" \/>\n<meta property=\"og:image\" content=\"https:\/\/atdi-grupo.com\/wp-content\/uploads\/banner-atdi-estrategia.jpg\" \/>\n\t<meta property=\"og:image:width\" content=\"1820\" \/>\n\t<meta property=\"og:image:height\" content=\"452\" \/>\n\t<meta property=\"og:image:type\" content=\"image\/jpeg\" \/>\n<meta name=\"twitter:card\" content=\"summary_large_image\" \/>\n<meta name=\"twitter:label1\" content=\"Tempo estimado de leitura\" \/>\n\t<meta name=\"twitter:data1\" content=\"2 minutos\" \/>\n<script type=\"application\/ld+json\" class=\"yoast-schema-graph\">{\"@context\":\"https:\/\/schema.org\",\"@graph\":[{\"@type\":\"WebPage\",\"@id\":\"https:\/\/atdi-grupo.com\/pt-pt\/estrategia\/\",\"url\":\"https:\/\/atdi-grupo.com\/pt-pt\/estrategia\/\",\"name\":\"Estrat\u00e9gia - Grupo ATDI\",\"isPartOf\":{\"@id\":\"https:\/\/atdi-grupo.com\/pt-pt\/#website\"},\"primaryImageOfPage\":{\"@id\":\"https:\/\/atdi-grupo.com\/pt-pt\/estrategia\/#primaryimage\"},\"image\":{\"@id\":\"https:\/\/atdi-grupo.com\/pt-pt\/estrategia\/#primaryimage\"},\"thumbnailUrl\":\"https:\/\/atdi-grupo.com\/wp-content\/uploads\/banner-atdi-estrategia.jpg\",\"datePublished\":\"2025-02-02T20:06:01+00:00\",\"dateModified\":\"2025-05-05T19:57:31+00:00\",\"breadcrumb\":{\"@id\":\"https:\/\/atdi-grupo.com\/pt-pt\/estrategia\/#breadcrumb\"},\"inLanguage\":\"pt-PT\",\"potentialAction\":[{\"@type\":\"ReadAction\",\"target\":[\"https:\/\/atdi-grupo.com\/pt-pt\/estrategia\/\"]}]},{\"@type\":\"ImageObject\",\"inLanguage\":\"pt-PT\",\"@id\":\"https:\/\/atdi-grupo.com\/pt-pt\/estrategia\/#primaryimage\",\"url\":\"https:\/\/atdi-grupo.com\/wp-content\/uploads\/banner-atdi-estrategia.jpg\",\"contentUrl\":\"https:\/\/atdi-grupo.com\/wp-content\/uploads\/banner-atdi-estrategia.jpg\"},{\"@type\":\"BreadcrumbList\",\"@id\":\"https:\/\/atdi-grupo.com\/pt-pt\/estrategia\/#breadcrumb\",\"itemListElement\":[{\"@type\":\"ListItem\",\"position\":1,\"name\":\"Inicio\",\"item\":\"https:\/\/atdi-grupo.com\/pt-pt\/\"},{\"@type\":\"ListItem\",\"position\":2,\"name\":\"Estrat\u00e9gia\"}]},{\"@type\":\"WebSite\",\"@id\":\"https:\/\/atdi-grupo.com\/pt-pt\/#website\",\"url\":\"https:\/\/atdi-grupo.com\/pt-pt\/\",\"name\":\"Grupo ATDI\",\"description\":\"Soluciones inmobiliarias con impacto positivo\",\"potentialAction\":[{\"@type\":\"SearchAction\",\"target\":{\"@type\":\"EntryPoint\",\"urlTemplate\":\"https:\/\/atdi-grupo.com\/pt-pt\/?s={search_term_string}\"},\"query-input\":{\"@type\":\"PropertyValueSpecification\",\"valueRequired\":true,\"valueName\":\"search_term_string\"}}],\"inLanguage\":\"pt-PT\"}]}<\/script>\n<!-- \/ Yoast SEO plugin. -->","yoast_head_json":{"title":"Estrat\u00e9gia - Grupo ATDI","robots":{"index":"index","follow":"follow","max-snippet":"max-snippet:-1","max-image-preview":"max-image-preview:large","max-video-preview":"max-video-preview:-1"},"canonical":"https:\/\/atdi-grupo.com\/pt-pt\/estrategia\/","og_locale":"pt_PT","og_type":"article","og_title":"Estrat\u00e9gia - Grupo ATDI","og_description":"Estrat\u00e9gia A prioridade da ATDI \u00e9 a valoriza\u00e7\u00e3o respons\u00e1vel de cada uma das opera\u00e7\u00f5es e \u00e1reas do setor imobili\u00e1rio. Para o efeito, baseamo-nos nos quatro pilares da nossa estrat\u00e9gia. Cria\u00e7\u00e3o respons\u00e1vel de valor a longo prazo O nosso crescimento respeita a estrat\u00e9gia empresarial. O compromisso com a sociedade, o ambiente e as comunidades que impactamos [&hellip;]","og_url":"https:\/\/atdi-grupo.com\/pt-pt\/estrategia\/","og_site_name":"Grupo ATDI","article_modified_time":"2025-05-05T19:57:31+00:00","og_image":[{"width":1820,"height":452,"url":"https:\/\/atdi-grupo.com\/wp-content\/uploads\/banner-atdi-estrategia.jpg","type":"image\/jpeg"}],"twitter_card":"summary_large_image","twitter_misc":{"Tempo estimado de leitura":"2 minutos"},"schema":{"@context":"https:\/\/schema.org","@graph":[{"@type":"WebPage","@id":"https:\/\/atdi-grupo.com\/pt-pt\/estrategia\/","url":"https:\/\/atdi-grupo.com\/pt-pt\/estrategia\/","name":"Estrat\u00e9gia - Grupo ATDI","isPartOf":{"@id":"https:\/\/atdi-grupo.com\/pt-pt\/#website"},"primaryImageOfPage":{"@id":"https:\/\/atdi-grupo.com\/pt-pt\/estrategia\/#primaryimage"},"image":{"@id":"https:\/\/atdi-grupo.com\/pt-pt\/estrategia\/#primaryimage"},"thumbnailUrl":"https:\/\/atdi-grupo.com\/wp-content\/uploads\/banner-atdi-estrategia.jpg","datePublished":"2025-02-02T20:06:01+00:00","dateModified":"2025-05-05T19:57:31+00:00","breadcrumb":{"@id":"https:\/\/atdi-grupo.com\/pt-pt\/estrategia\/#breadcrumb"},"inLanguage":"pt-PT","potentialAction":[{"@type":"ReadAction","target":["https:\/\/atdi-grupo.com\/pt-pt\/estrategia\/"]}]},{"@type":"ImageObject","inLanguage":"pt-PT","@id":"https:\/\/atdi-grupo.com\/pt-pt\/estrategia\/#primaryimage","url":"https:\/\/atdi-grupo.com\/wp-content\/uploads\/banner-atdi-estrategia.jpg","contentUrl":"https:\/\/atdi-grupo.com\/wp-content\/uploads\/banner-atdi-estrategia.jpg"},{"@type":"BreadcrumbList","@id":"https:\/\/atdi-grupo.com\/pt-pt\/estrategia\/#breadcrumb","itemListElement":[{"@type":"ListItem","position":1,"name":"Inicio","item":"https:\/\/atdi-grupo.com\/pt-pt\/"},{"@type":"ListItem","position":2,"name":"Estrat\u00e9gia"}]},{"@type":"WebSite","@id":"https:\/\/atdi-grupo.com\/pt-pt\/#website","url":"https:\/\/atdi-grupo.com\/pt-pt\/","name":"Grupo ATDI","description":"Soluciones inmobiliarias con impacto positivo","potentialAction":[{"@type":"SearchAction","target":{"@type":"EntryPoint","urlTemplate":"https:\/\/atdi-grupo.com\/pt-pt\/?s={search_term_string}"},"query-input":{"@type":"PropertyValueSpecification","valueRequired":true,"valueName":"search_term_string"}}],"inLanguage":"pt-PT"}]}},"_links":{"self":[{"href":"https:\/\/atdi-grupo.com\/pt-pt\/wp-json\/wp\/v2\/pages\/1837","targetHints":{"allow":["GET"]}}],"collection":[{"href":"https:\/\/atdi-grupo.com\/pt-pt\/wp-json\/wp\/v2\/pages"}],"about":[{"href":"https:\/\/atdi-grupo.com\/pt-pt\/wp-json\/wp\/v2\/types\/page"}],"author":[{"embeddable":true,"href":"https:\/\/atdi-grupo.com\/pt-pt\/wp-json\/wp\/v2\/users\/1"}],"replies":[{"embeddable":true,"href":"https:\/\/atdi-grupo.com\/pt-pt\/wp-json\/wp\/v2\/comments?post=1837"}],"version-history":[{"count":4,"href":"https:\/\/atdi-grupo.com\/pt-pt\/wp-json\/wp\/v2\/pages\/1837\/revisions"}],"predecessor-version":[{"id":2176,"href":"https:\/\/atdi-grupo.com\/pt-pt\/wp-json\/wp\/v2\/pages\/1837\/revisions\/2176"}],"wp:attachment":[{"href":"https:\/\/atdi-grupo.com\/pt-pt\/wp-json\/wp\/v2\/media?parent=1837"}],"curies":[{"name":"wp","href":"https:\/\/api.w.org\/{rel}","templated":true}]}}