{"id":1831,"date":"2025-02-02T21:05:48","date_gmt":"2025-02-02T20:05:48","guid":{"rendered":"https:\/\/atdi-grupo.com\/a-nossa-empresa\/"},"modified":"2025-05-05T19:50:02","modified_gmt":"2025-05-05T19:50:02","slug":"a-nossa-empresa","status":"publish","type":"page","link":"https:\/\/atdi-grupo.com\/pt-pt\/a-nossa-empresa\/","title":{"rendered":"A nossa empresa"},"content":{"rendered":"\t\t<div data-elementor-type=\"wp-page\" data-elementor-id=\"1831\" class=\"elementor elementor-1831 elementor-30\" data-elementor-post-type=\"page\">\n\t\t\t\t<div class=\"elementor-element elementor-element-d24097d e-flex e-con-boxed e-con e-parent\" data-id=\"d24097d\" data-element_type=\"container\" data-settings=\"{&quot;background_background&quot;:&quot;classic&quot;}\">\n\t\t\t\t\t<div class=\"e-con-inner\">\n\t\t<div class=\"elementor-element elementor-element-3985689 e-con-full e-flex e-con e-child\" data-id=\"3985689\" data-element_type=\"container\">\n\t\t\t\t<div class=\"elementor-element elementor-element-06b393d elementor-widget__width-initial elementor-widget elementor-widget-heading\" data-id=\"06b393d\" data-element_type=\"widget\" data-widget_type=\"heading.default\">\n\t\t\t\t<div class=\"elementor-widget-container\">\n\t\t\t\t\t<h2 class=\"elementor-heading-title elementor-size-default\">A nossa empresa<\/h2>\t\t\t\t<\/div>\n\t\t\t\t<\/div>\n\t\t\t\t<div class=\"elementor-element elementor-element-da7c5dc elementor-widget__width-initial elementor-widget elementor-widget-text-editor\" data-id=\"da7c5dc\" data-element_type=\"widget\" data-widget_type=\"text-editor.default\">\n\t\t\t\t<div class=\"elementor-widget-container\">\n\t\t\t\t\t\t\t\t\t<p>A nossa atividade est\u00e1 organizada em quatro \u00e1reas de neg\u00f3cio:Desenvolvimentos urbanos, Promo\u00e7\u00f5es imobili\u00e1rias, Ativos patrimoniais e Servi\u00e7os Log\u00edsticos, principalmente em Espanha e Portugal.<\/p>\t\t\t\t\t\t\t\t<\/div>\n\t\t\t\t<\/div>\n\t\t\t\t<\/div>\n\t\t\t\t<div class=\"elementor-element elementor-element-32fe9bd elementor-widget-divider--view-line elementor-widget elementor-widget-divider\" data-id=\"32fe9bd\" data-element_type=\"widget\" data-widget_type=\"divider.default\">\n\t\t\t\t<div class=\"elementor-widget-container\">\n\t\t\t\t\t\t\t<div class=\"elementor-divider\">\n\t\t\t<span class=\"elementor-divider-separator\">\n\t\t\t\t\t\t<\/span>\n\t\t<\/div>\n\t\t\t\t\t\t<\/div>\n\t\t\t\t<\/div>\n\t\t\t\t\t<\/div>\n\t\t\t\t<\/div>\n\t\t<div class=\"elementor-element elementor-element-fa4f712 e-flex e-con-boxed e-con e-parent\" data-id=\"fa4f712\" data-element_type=\"container\">\n\t\t\t\t\t<div class=\"e-con-inner\">\n\t\t\t\t<div class=\"elementor-element elementor-element-34a4652 elementor-widget elementor-widget-image\" data-id=\"34a4652\" data-element_type=\"widget\" data-widget_type=\"image.default\">\n\t\t\t\t<div class=\"elementor-widget-container\">\n\t\t\t\t\t\t\t\t\t\t\t\t\t\t\t<img fetchpriority=\"high\" decoding=\"async\" width=\"1818\" height=\"452\" src=\"https:\/\/atdi-grupo.com\/wp-content\/uploads\/hero-image-negocio-atdi.jpg\" class=\"attachment-full size-full wp-image-1702\" alt=\"\" srcset=\"https:\/\/atdi-grupo.com\/wp-content\/uploads\/hero-image-negocio-atdi.jpg 1818w, https:\/\/atdi-grupo.com\/wp-content\/uploads\/hero-image-negocio-atdi-768x191.jpg 768w, https:\/\/atdi-grupo.com\/wp-content\/uploads\/hero-image-negocio-atdi-1536x382.jpg 1536w\" sizes=\"(max-width: 1818px) 100vw, 1818px\" \/>\t\t\t\t\t\t\t\t\t\t\t\t\t\t\t<\/div>\n\t\t\t\t<\/div>\n\t\t\t\t\t<\/div>\n\t\t\t\t<\/div>\n\t\t<div class=\"elementor-element elementor-element-30b210b e-flex e-con-boxed e-con e-parent\" data-id=\"30b210b\" data-element_type=\"container\">\n\t\t\t\t\t<div class=\"e-con-inner\">\n\t\t<div class=\"elementor-element elementor-element-aea65f4 e-con-full e-flex e-con e-child\" data-id=\"aea65f4\" data-element_type=\"container\" data-settings=\"{&quot;background_background&quot;:&quot;classic&quot;}\">\n\t\t\t\t<div class=\"elementor-element elementor-element-cb12dea elementor-widget elementor-widget-heading\" data-id=\"cb12dea\" data-element_type=\"widget\" data-widget_type=\"heading.default\">\n\t\t\t\t<div class=\"elementor-widget-container\">\n\t\t\t\t\t<h2 class=\"elementor-heading-title elementor-size-default\">Desenvolvimentos urbanos<\/h2>\t\t\t\t<\/div>\n\t\t\t\t<\/div>\n\t\t<div class=\"elementor-element elementor-element-a429a18 e-con-full e-flex e-con e-child\" data-id=\"a429a18\" data-element_type=\"container\">\n\t\t\t\t<div class=\"elementor-element elementor-element-f02d573 elementor-widget-divider--view-line elementor-widget elementor-widget-divider\" data-id=\"f02d573\" data-element_type=\"widget\" data-widget_type=\"divider.default\">\n\t\t\t\t<div class=\"elementor-widget-container\">\n\t\t\t\t\t\t\t<div class=\"elementor-divider\">\n\t\t\t<span class=\"elementor-divider-separator\">\n\t\t\t\t\t\t<\/span>\n\t\t<\/div>\n\t\t\t\t\t\t<\/div>\n\t\t\t\t<\/div>\n\t\t\t\t<div class=\"elementor-element elementor-element-98dadb9 elementor-widget elementor-widget-text-editor\" data-id=\"98dadb9\" data-element_type=\"widget\" data-widget_type=\"text-editor.default\">\n\t\t\t\t<div class=\"elementor-widget-container\">\n\t\t\t\t\t\t\t\t\t<p class=\"p1\">A transforma\u00e7\u00e3o dos solos para o desenvolvimento de cidades sustent\u00e1veis<\/p>\t\t\t\t\t\t\t\t<\/div>\n\t\t\t\t<\/div>\n\t\t\t\t<div class=\"elementor-element elementor-element-bfb305a elementor-widget elementor-widget-button\" data-id=\"bfb305a\" data-element_type=\"widget\" data-widget_type=\"button.default\">\n\t\t\t\t<div class=\"elementor-widget-container\">\n\t\t\t\t\t\t\t\t\t<div class=\"elementor-button-wrapper\">\n\t\t\t\t\t<a class=\"elementor-button elementor-button-link elementor-size-sm\" href=\"https:\/\/atdi-grupo.com\/pt-pt\/desenvolvimentos-urbanos\/\">\n\t\t\t\t\t\t<span class=\"elementor-button-content-wrapper\">\n\t\t\t\t\t\t<span class=\"elementor-button-icon\">\n\t\t\t\t<svg xmlns=\"http:\/\/www.w3.org\/2000\/svg\" width=\"22\" height=\"23\" viewBox=\"0 0 22 23\" fill=\"none\"><g clip-path=\"url(#clip0_435_439)\"><path d=\"M4.88955 16.413L13.5673 7.73519L9.16732 7.73519L9.16732 6.02408H16.5006V13.3574L14.7895 13.3574L14.7895 8.95741L6.11177 17.6352L4.88955 16.413Z\" fill=\"white\"><\/path><\/g><defs><clipPath id=\"clip0_435_439\"><rect width=\"15.5563\" height=\"15.5563\" fill=\"white\" transform=\"matrix(-0.707107 0.707107 0.707107 0.707107 11 0.523438)\"><\/rect><\/clipPath><\/defs><\/svg>\t\t\t<\/span>\n\t\t\t\t\t\t\t\t\t<span class=\"elementor-button-text\">Saber mais<\/span>\n\t\t\t\t\t<\/span>\n\t\t\t\t\t<\/a>\n\t\t\t\t<\/div>\n\t\t\t\t\t\t\t\t<\/div>\n\t\t\t\t<\/div>\n\t\t\t\t<\/div>\n\t\t\t\t<\/div>\n\t\t<div class=\"elementor-element elementor-element-0b6cfc5 e-con-full e-flex e-con e-child\" data-id=\"0b6cfc5\" data-element_type=\"container\" data-settings=\"{&quot;background_background&quot;:&quot;classic&quot;}\">\n\t\t\t\t<div class=\"elementor-element elementor-element-9dc5d65 elementor-widget elementor-widget-heading\" data-id=\"9dc5d65\" data-element_type=\"widget\" data-widget_type=\"heading.default\">\n\t\t\t\t<div class=\"elementor-widget-container\">\n\t\t\t\t\t<h2 class=\"elementor-heading-title elementor-size-default\">Desenvolvimento e promo\u00e7\u00f5es imobili\u00e1rias<\/h2>\t\t\t\t<\/div>\n\t\t\t\t<\/div>\n\t\t<div class=\"elementor-element elementor-element-6e5981f e-con-full e-flex e-con e-child\" data-id=\"6e5981f\" data-element_type=\"container\">\n\t\t\t\t<div class=\"elementor-element elementor-element-bdf7d69 elementor-widget-divider--view-line elementor-widget elementor-widget-divider\" data-id=\"bdf7d69\" data-element_type=\"widget\" data-widget_type=\"divider.default\">\n\t\t\t\t<div class=\"elementor-widget-container\">\n\t\t\t\t\t\t\t<div class=\"elementor-divider\">\n\t\t\t<span class=\"elementor-divider-separator\">\n\t\t\t\t\t\t<\/span>\n\t\t<\/div>\n\t\t\t\t\t\t<\/div>\n\t\t\t\t<\/div>\n\t\t\t\t<div class=\"elementor-element elementor-element-6b16797 elementor-widget elementor-widget-text-editor\" data-id=\"6b16797\" data-element_type=\"widget\" data-widget_type=\"text-editor.default\">\n\t\t\t\t<div class=\"elementor-widget-container\">\n\t\t\t\t\t\t\t\t\t<p class=\"p1\">Desenvolvimento de promo\u00e7\u00f5es nos diferentes segmentos do setor<\/p>\t\t\t\t\t\t\t\t<\/div>\n\t\t\t\t<\/div>\n\t\t\t\t<div class=\"elementor-element elementor-element-7571154 elementor-widget elementor-widget-button\" data-id=\"7571154\" data-element_type=\"widget\" data-widget_type=\"button.default\">\n\t\t\t\t<div class=\"elementor-widget-container\">\n\t\t\t\t\t\t\t\t\t<div class=\"elementor-button-wrapper\">\n\t\t\t\t\t<a class=\"elementor-button elementor-button-link elementor-size-sm\" href=\"https:\/\/atdi-grupo.com\/pt-pt\/desenvolvimento-e-promocoes-imobiliarias\/\">\n\t\t\t\t\t\t<span class=\"elementor-button-content-wrapper\">\n\t\t\t\t\t\t<span class=\"elementor-button-icon\">\n\t\t\t\t<svg xmlns=\"http:\/\/www.w3.org\/2000\/svg\" width=\"22\" height=\"23\" viewBox=\"0 0 22 23\" fill=\"none\"><g clip-path=\"url(#clip0_435_439)\"><path d=\"M4.88955 16.413L13.5673 7.73519L9.16732 7.73519L9.16732 6.02408H16.5006V13.3574L14.7895 13.3574L14.7895 8.95741L6.11177 17.6352L4.88955 16.413Z\" fill=\"white\"><\/path><\/g><defs><clipPath id=\"clip0_435_439\"><rect width=\"15.5563\" height=\"15.5563\" fill=\"white\" transform=\"matrix(-0.707107 0.707107 0.707107 0.707107 11 0.523438)\"><\/rect><\/clipPath><\/defs><\/svg>\t\t\t<\/span>\n\t\t\t\t\t\t\t\t\t<span class=\"elementor-button-text\">Saber mais<\/span>\n\t\t\t\t\t<\/span>\n\t\t\t\t\t<\/a>\n\t\t\t\t<\/div>\n\t\t\t\t\t\t\t\t<\/div>\n\t\t\t\t<\/div>\n\t\t\t\t<\/div>\n\t\t\t\t<\/div>\n\t\t\t\t\t<\/div>\n\t\t\t\t<\/div>\n\t\t<div class=\"elementor-element elementor-element-025af16 e-flex e-con-boxed e-con e-parent\" data-id=\"025af16\" data-element_type=\"container\">\n\t\t\t\t\t<div class=\"e-con-inner\">\n\t\t<div class=\"elementor-element elementor-element-4e494f1 e-con-full e-flex e-con e-child\" data-id=\"4e494f1\" data-element_type=\"container\" data-settings=\"{&quot;background_background&quot;:&quot;classic&quot;}\">\n\t\t\t\t<div class=\"elementor-element elementor-element-f0f8cb7 elementor-widget elementor-widget-heading\" data-id=\"f0f8cb7\" data-element_type=\"widget\" data-widget_type=\"heading.default\">\n\t\t\t\t<div class=\"elementor-widget-container\">\n\t\t\t\t\t<h2 class=\"elementor-heading-title elementor-size-default\">Ativos patrimoniais<\/h2>\t\t\t\t<\/div>\n\t\t\t\t<\/div>\n\t\t<div class=\"elementor-element elementor-element-d6a4ded e-con-full e-flex e-con e-child\" data-id=\"d6a4ded\" data-element_type=\"container\">\n\t\t\t\t<div class=\"elementor-element elementor-element-bb40e73 elementor-widget-divider--view-line elementor-widget elementor-widget-divider\" data-id=\"bb40e73\" data-element_type=\"widget\" data-widget_type=\"divider.default\">\n\t\t\t\t<div class=\"elementor-widget-container\">\n\t\t\t\t\t\t\t<div class=\"elementor-divider\">\n\t\t\t<span class=\"elementor-divider-separator\">\n\t\t\t\t\t\t<\/span>\n\t\t<\/div>\n\t\t\t\t\t\t<\/div>\n\t\t\t\t<\/div>\n\t\t\t\t<div class=\"elementor-element elementor-element-708e3a3 elementor-widget elementor-widget-text-editor\" data-id=\"708e3a3\" data-element_type=\"widget\" data-widget_type=\"text-editor.default\">\n\t\t\t\t<div class=\"elementor-widget-container\">\n\t\t\t\t\t\t\t\t\t<p class=\"p1\">Investimento e gest\u00e3o da nossa carteira de im\u00f3veis para arrendamento<\/p>\t\t\t\t\t\t\t\t<\/div>\n\t\t\t\t<\/div>\n\t\t\t\t<div class=\"elementor-element elementor-element-25de15d elementor-widget elementor-widget-button\" data-id=\"25de15d\" data-element_type=\"widget\" data-widget_type=\"button.default\">\n\t\t\t\t<div class=\"elementor-widget-container\">\n\t\t\t\t\t\t\t\t\t<div class=\"elementor-button-wrapper\">\n\t\t\t\t\t<a class=\"elementor-button elementor-button-link elementor-size-sm\" href=\"https:\/\/atdi-grupo.com\/pt-pt\/ativos-patrimoniais\/\">\n\t\t\t\t\t\t<span class=\"elementor-button-content-wrapper\">\n\t\t\t\t\t\t<span class=\"elementor-button-icon\">\n\t\t\t\t<svg xmlns=\"http:\/\/www.w3.org\/2000\/svg\" width=\"22\" height=\"23\" viewBox=\"0 0 22 23\" fill=\"none\"><g clip-path=\"url(#clip0_435_439)\"><path d=\"M4.88955 16.413L13.5673 7.73519L9.16732 7.73519L9.16732 6.02408H16.5006V13.3574L14.7895 13.3574L14.7895 8.95741L6.11177 17.6352L4.88955 16.413Z\" fill=\"white\"><\/path><\/g><defs><clipPath id=\"clip0_435_439\"><rect width=\"15.5563\" height=\"15.5563\" fill=\"white\" transform=\"matrix(-0.707107 0.707107 0.707107 0.707107 11 0.523438)\"><\/rect><\/clipPath><\/defs><\/svg>\t\t\t<\/span>\n\t\t\t\t\t\t\t\t\t<span class=\"elementor-button-text\">Saber mais<\/span>\n\t\t\t\t\t<\/span>\n\t\t\t\t\t<\/a>\n\t\t\t\t<\/div>\n\t\t\t\t\t\t\t\t<\/div>\n\t\t\t\t<\/div>\n\t\t\t\t<\/div>\n\t\t\t\t<\/div>\n\t\t<div class=\"elementor-element elementor-element-4e814e3 e-con-full e-flex e-con e-child\" data-id=\"4e814e3\" data-element_type=\"container\" data-settings=\"{&quot;background_background&quot;:&quot;classic&quot;}\">\n\t\t\t\t<div class=\"elementor-element elementor-element-7ab1742 elementor-widget elementor-widget-heading\" data-id=\"7ab1742\" data-element_type=\"widget\" data-widget_type=\"heading.default\">\n\t\t\t\t<div class=\"elementor-widget-container\">\n\t\t\t\t\t<h2 class=\"elementor-heading-title elementor-size-default\">Servi\u00e7os de log\u00edstica<\/h2>\t\t\t\t<\/div>\n\t\t\t\t<\/div>\n\t\t<div class=\"elementor-element elementor-element-a5075b2 e-con-full e-flex e-con e-child\" data-id=\"a5075b2\" data-element_type=\"container\">\n\t\t\t\t<div class=\"elementor-element elementor-element-cc66f62 elementor-widget-divider--view-line elementor-widget elementor-widget-divider\" data-id=\"cc66f62\" data-element_type=\"widget\" data-widget_type=\"divider.default\">\n\t\t\t\t<div class=\"elementor-widget-container\">\n\t\t\t\t\t\t\t<div class=\"elementor-divider\">\n\t\t\t<span class=\"elementor-divider-separator\">\n\t\t\t\t\t\t<\/span>\n\t\t<\/div>\n\t\t\t\t\t\t<\/div>\n\t\t\t\t<\/div>\n\t\t\t\t<div class=\"elementor-element elementor-element-f9256b2 elementor-widget elementor-widget-text-editor\" data-id=\"f9256b2\" data-element_type=\"widget\" data-widget_type=\"text-editor.default\">\n\t\t\t\t<div class=\"elementor-widget-container\">\n\t\t\t\t\t\t\t\t\t<p class=\"p1\">Improving, uma empresa l\u00edder em solu\u00e7\u00f5es log\u00edsticas.<\/p>\t\t\t\t\t\t\t\t<\/div>\n\t\t\t\t<\/div>\n\t\t\t\t<div class=\"elementor-element elementor-element-662948a elementor-widget elementor-widget-button\" data-id=\"662948a\" data-element_type=\"widget\" data-widget_type=\"button.default\">\n\t\t\t\t<div class=\"elementor-widget-container\">\n\t\t\t\t\t\t\t\t\t<div class=\"elementor-button-wrapper\">\n\t\t\t\t\t<a class=\"elementor-button elementor-button-link elementor-size-sm\" href=\"https:\/\/atdi-grupo.com\/pt-pt\/gestao-de-outros-activos-imobiliarios\/\">\n\t\t\t\t\t\t<span class=\"elementor-button-content-wrapper\">\n\t\t\t\t\t\t<span class=\"elementor-button-icon\">\n\t\t\t\t<svg xmlns=\"http:\/\/www.w3.org\/2000\/svg\" width=\"22\" height=\"23\" viewBox=\"0 0 22 23\" fill=\"none\"><g clip-path=\"url(#clip0_435_439)\"><path d=\"M4.88955 16.413L13.5673 7.73519L9.16732 7.73519L9.16732 6.02408H16.5006V13.3574L14.7895 13.3574L14.7895 8.95741L6.11177 17.6352L4.88955 16.413Z\" fill=\"white\"><\/path><\/g><defs><clipPath id=\"clip0_435_439\"><rect width=\"15.5563\" height=\"15.5563\" fill=\"white\" transform=\"matrix(-0.707107 0.707107 0.707107 0.707107 11 0.523438)\"><\/rect><\/clipPath><\/defs><\/svg>\t\t\t<\/span>\n\t\t\t\t\t\t\t\t\t<span class=\"elementor-button-text\">Saber mais<\/span>\n\t\t\t\t\t<\/span>\n\t\t\t\t\t<\/a>\n\t\t\t\t<\/div>\n\t\t\t\t\t\t\t\t<\/div>\n\t\t\t\t<\/div>\n\t\t\t\t<\/div>\n\t\t\t\t<\/div>\n\t\t\t\t\t<\/div>\n\t\t\t\t<\/div>\n\t\t<div class=\"elementor-element elementor-element-30ef607 e-flex e-con-boxed e-con e-parent\" data-id=\"30ef607\" data-element_type=\"container\" data-settings=\"{&quot;background_background&quot;:&quot;classic&quot;}\">\n\t\t\t\t\t<div class=\"e-con-inner\">\n\t\t\t\t<div class=\"elementor-element elementor-element-95df14c elementor-widget__width-initial elementor-widget elementor-widget-heading\" data-id=\"95df14c\" data-element_type=\"widget\" data-widget_type=\"heading.default\">\n\t\t\t\t<div class=\"elementor-widget-container\">\n\t\t\t\t\t<h2 class=\"elementor-heading-title elementor-size-default\">A ATDI \u00e9 um dos grupos imobili\u00e1rios mais activos em Espanha e Portugal.<\/h2>\t\t\t\t<\/div>\n\t\t\t\t<\/div>\n\t\t\t\t\t<\/div>\n\t\t\t\t<\/div>\n\t\t\t\t<\/div>\n\t\t","protected":false},"excerpt":{"rendered":"<p>A nossa empresa A nossa atividade est\u00e1 organizada em quatro \u00e1reas de neg\u00f3cio:Desenvolvimentos urbanos, Promo\u00e7\u00f5es imobili\u00e1rias, Ativos patrimoniais e Servi\u00e7os Log\u00edsticos, principalmente em Espanha e Portugal. Desenvolvimentos urbanos A transforma\u00e7\u00e3o dos solos para o desenvolvimento de cidades sustent\u00e1veis Saber mais Desenvolvimento e promo\u00e7\u00f5es imobili\u00e1rias Desenvolvimento de promo\u00e7\u00f5es nos diferentes segmentos do setor Saber mais Ativos [&hellip;]<\/p>\n","protected":false},"author":1,"featured_media":0,"parent":0,"menu_order":0,"comment_status":"closed","ping_status":"closed","template":"","meta":{"_acf_changed":false,"footnotes":""},"class_list":["post-1831","page","type-page","status-publish","hentry"],"acf":[],"yoast_head":"<!-- This site is optimized with the Yoast SEO plugin v27.0 - https:\/\/yoast.com\/product\/yoast-seo-wordpress\/ -->\n<title>A nossa empresa - Grupo ATDI<\/title>\n<meta name=\"robots\" content=\"index, follow, max-snippet:-1, max-image-preview:large, max-video-preview:-1\" \/>\n<link rel=\"canonical\" href=\"https:\/\/atdi-grupo.com\/pt-pt\/a-nossa-empresa\/\" \/>\n<meta property=\"og:locale\" content=\"pt_PT\" \/>\n<meta property=\"og:type\" content=\"article\" \/>\n<meta property=\"og:title\" content=\"A nossa empresa - Grupo ATDI\" \/>\n<meta property=\"og:description\" content=\"A nossa empresa A nossa atividade est\u00e1 organizada em quatro \u00e1reas de neg\u00f3cio:Desenvolvimentos urbanos, Promo\u00e7\u00f5es imobili\u00e1rias, Ativos patrimoniais e Servi\u00e7os Log\u00edsticos, principalmente em Espanha e Portugal. Desenvolvimentos urbanos A transforma\u00e7\u00e3o dos solos para o desenvolvimento de cidades sustent\u00e1veis Saber mais Desenvolvimento e promo\u00e7\u00f5es imobili\u00e1rias Desenvolvimento de promo\u00e7\u00f5es nos diferentes segmentos do setor Saber mais Ativos [&hellip;]\" \/>\n<meta property=\"og:url\" content=\"https:\/\/atdi-grupo.com\/pt-pt\/a-nossa-empresa\/\" \/>\n<meta property=\"og:site_name\" content=\"Grupo ATDI\" \/>\n<meta property=\"article:modified_time\" content=\"2025-05-05T19:50:02+00:00\" \/>\n<meta property=\"og:image\" content=\"https:\/\/atdi-grupo.com\/wp-content\/uploads\/hero-image-negocio-atdi.jpg\" \/>\n\t<meta property=\"og:image:width\" content=\"1818\" \/>\n\t<meta property=\"og:image:height\" content=\"452\" \/>\n\t<meta property=\"og:image:type\" content=\"image\/jpeg\" \/>\n<meta name=\"twitter:card\" content=\"summary_large_image\" \/>\n<meta name=\"twitter:label1\" content=\"Tempo estimado de leitura\" \/>\n\t<meta name=\"twitter:data1\" content=\"1 minuto\" \/>\n<script type=\"application\/ld+json\" class=\"yoast-schema-graph\">{\"@context\":\"https:\/\/schema.org\",\"@graph\":[{\"@type\":\"WebPage\",\"@id\":\"https:\/\/atdi-grupo.com\/pt-pt\/a-nossa-empresa\/\",\"url\":\"https:\/\/atdi-grupo.com\/pt-pt\/a-nossa-empresa\/\",\"name\":\"A nossa empresa - Grupo ATDI\",\"isPartOf\":{\"@id\":\"https:\/\/atdi-grupo.com\/pt-pt\/#website\"},\"primaryImageOfPage\":{\"@id\":\"https:\/\/atdi-grupo.com\/pt-pt\/a-nossa-empresa\/#primaryimage\"},\"image\":{\"@id\":\"https:\/\/atdi-grupo.com\/pt-pt\/a-nossa-empresa\/#primaryimage\"},\"thumbnailUrl\":\"https:\/\/atdi-grupo.com\/wp-content\/uploads\/hero-image-negocio-atdi.jpg\",\"datePublished\":\"2025-02-02T20:05:48+00:00\",\"dateModified\":\"2025-05-05T19:50:02+00:00\",\"breadcrumb\":{\"@id\":\"https:\/\/atdi-grupo.com\/pt-pt\/a-nossa-empresa\/#breadcrumb\"},\"inLanguage\":\"pt-PT\",\"potentialAction\":[{\"@type\":\"ReadAction\",\"target\":[\"https:\/\/atdi-grupo.com\/pt-pt\/a-nossa-empresa\/\"]}]},{\"@type\":\"ImageObject\",\"inLanguage\":\"pt-PT\",\"@id\":\"https:\/\/atdi-grupo.com\/pt-pt\/a-nossa-empresa\/#primaryimage\",\"url\":\"https:\/\/atdi-grupo.com\/wp-content\/uploads\/hero-image-negocio-atdi.jpg\",\"contentUrl\":\"https:\/\/atdi-grupo.com\/wp-content\/uploads\/hero-image-negocio-atdi.jpg\"},{\"@type\":\"BreadcrumbList\",\"@id\":\"https:\/\/atdi-grupo.com\/pt-pt\/a-nossa-empresa\/#breadcrumb\",\"itemListElement\":[{\"@type\":\"ListItem\",\"position\":1,\"name\":\"Inicio\",\"item\":\"https:\/\/atdi-grupo.com\/pt-pt\/\"},{\"@type\":\"ListItem\",\"position\":2,\"name\":\"A nossa empresa\"}]},{\"@type\":\"WebSite\",\"@id\":\"https:\/\/atdi-grupo.com\/pt-pt\/#website\",\"url\":\"https:\/\/atdi-grupo.com\/pt-pt\/\",\"name\":\"Grupo ATDI\",\"description\":\"Soluciones inmobiliarias con impacto positivo\",\"potentialAction\":[{\"@type\":\"SearchAction\",\"target\":{\"@type\":\"EntryPoint\",\"urlTemplate\":\"https:\/\/atdi-grupo.com\/pt-pt\/?s={search_term_string}\"},\"query-input\":{\"@type\":\"PropertyValueSpecification\",\"valueRequired\":true,\"valueName\":\"search_term_string\"}}],\"inLanguage\":\"pt-PT\"}]}<\/script>\n<!-- \/ Yoast SEO plugin. -->","yoast_head_json":{"title":"A nossa empresa - Grupo ATDI","robots":{"index":"index","follow":"follow","max-snippet":"max-snippet:-1","max-image-preview":"max-image-preview:large","max-video-preview":"max-video-preview:-1"},"canonical":"https:\/\/atdi-grupo.com\/pt-pt\/a-nossa-empresa\/","og_locale":"pt_PT","og_type":"article","og_title":"A nossa empresa - Grupo ATDI","og_description":"A nossa empresa A nossa atividade est\u00e1 organizada em quatro \u00e1reas de neg\u00f3cio:Desenvolvimentos urbanos, Promo\u00e7\u00f5es imobili\u00e1rias, Ativos patrimoniais e Servi\u00e7os Log\u00edsticos, principalmente em Espanha e Portugal. Desenvolvimentos urbanos A transforma\u00e7\u00e3o dos solos para o desenvolvimento de cidades sustent\u00e1veis Saber mais Desenvolvimento e promo\u00e7\u00f5es imobili\u00e1rias Desenvolvimento de promo\u00e7\u00f5es nos diferentes segmentos do setor Saber mais Ativos [&hellip;]","og_url":"https:\/\/atdi-grupo.com\/pt-pt\/a-nossa-empresa\/","og_site_name":"Grupo ATDI","article_modified_time":"2025-05-05T19:50:02+00:00","og_image":[{"width":1818,"height":452,"url":"https:\/\/atdi-grupo.com\/wp-content\/uploads\/hero-image-negocio-atdi.jpg","type":"image\/jpeg"}],"twitter_card":"summary_large_image","twitter_misc":{"Tempo estimado de leitura":"1 minuto"},"schema":{"@context":"https:\/\/schema.org","@graph":[{"@type":"WebPage","@id":"https:\/\/atdi-grupo.com\/pt-pt\/a-nossa-empresa\/","url":"https:\/\/atdi-grupo.com\/pt-pt\/a-nossa-empresa\/","name":"A nossa empresa - Grupo ATDI","isPartOf":{"@id":"https:\/\/atdi-grupo.com\/pt-pt\/#website"},"primaryImageOfPage":{"@id":"https:\/\/atdi-grupo.com\/pt-pt\/a-nossa-empresa\/#primaryimage"},"image":{"@id":"https:\/\/atdi-grupo.com\/pt-pt\/a-nossa-empresa\/#primaryimage"},"thumbnailUrl":"https:\/\/atdi-grupo.com\/wp-content\/uploads\/hero-image-negocio-atdi.jpg","datePublished":"2025-02-02T20:05:48+00:00","dateModified":"2025-05-05T19:50:02+00:00","breadcrumb":{"@id":"https:\/\/atdi-grupo.com\/pt-pt\/a-nossa-empresa\/#breadcrumb"},"inLanguage":"pt-PT","potentialAction":[{"@type":"ReadAction","target":["https:\/\/atdi-grupo.com\/pt-pt\/a-nossa-empresa\/"]}]},{"@type":"ImageObject","inLanguage":"pt-PT","@id":"https:\/\/atdi-grupo.com\/pt-pt\/a-nossa-empresa\/#primaryimage","url":"https:\/\/atdi-grupo.com\/wp-content\/uploads\/hero-image-negocio-atdi.jpg","contentUrl":"https:\/\/atdi-grupo.com\/wp-content\/uploads\/hero-image-negocio-atdi.jpg"},{"@type":"BreadcrumbList","@id":"https:\/\/atdi-grupo.com\/pt-pt\/a-nossa-empresa\/#breadcrumb","itemListElement":[{"@type":"ListItem","position":1,"name":"Inicio","item":"https:\/\/atdi-grupo.com\/pt-pt\/"},{"@type":"ListItem","position":2,"name":"A nossa empresa"}]},{"@type":"WebSite","@id":"https:\/\/atdi-grupo.com\/pt-pt\/#website","url":"https:\/\/atdi-grupo.com\/pt-pt\/","name":"Grupo ATDI","description":"Soluciones inmobiliarias con impacto positivo","potentialAction":[{"@type":"SearchAction","target":{"@type":"EntryPoint","urlTemplate":"https:\/\/atdi-grupo.com\/pt-pt\/?s={search_term_string}"},"query-input":{"@type":"PropertyValueSpecification","valueRequired":true,"valueName":"search_term_string"}}],"inLanguage":"pt-PT"}]}},"_links":{"self":[{"href":"https:\/\/atdi-grupo.com\/pt-pt\/wp-json\/wp\/v2\/pages\/1831","targetHints":{"allow":["GET"]}}],"collection":[{"href":"https:\/\/atdi-grupo.com\/pt-pt\/wp-json\/wp\/v2\/pages"}],"about":[{"href":"https:\/\/atdi-grupo.com\/pt-pt\/wp-json\/wp\/v2\/types\/page"}],"author":[{"embeddable":true,"href":"https:\/\/atdi-grupo.com\/pt-pt\/wp-json\/wp\/v2\/users\/1"}],"replies":[{"embeddable":true,"href":"https:\/\/atdi-grupo.com\/pt-pt\/wp-json\/wp\/v2\/comments?post=1831"}],"version-history":[{"count":4,"href":"https:\/\/atdi-grupo.com\/pt-pt\/wp-json\/wp\/v2\/pages\/1831\/revisions"}],"predecessor-version":[{"id":2161,"href":"https:\/\/atdi-grupo.com\/pt-pt\/wp-json\/wp\/v2\/pages\/1831\/revisions\/2161"}],"wp:attachment":[{"href":"https:\/\/atdi-grupo.com\/pt-pt\/wp-json\/wp\/v2\/media?parent=1831"}],"curies":[{"name":"wp","href":"https:\/\/api.w.org\/{rel}","templated":true}]}}